{"id":1680,"date":"2021-09-21T12:11:25","date_gmt":"2021-09-21T10:11:25","guid":{"rendered":"https:\/\/sgi-es.org\/?page_id=1680"},"modified":"2026-03-23T12:47:50","modified_gmt":"2026-03-23T11:47:50","slug":"soka-gakkai-global","status":"publish","type":"page","link":"https:\/\/sgi-es.org\/ca\/soka-gakkai-global\/","title":{"rendered":"Soka Gakkai (global)"},"content":{"rendered":"\n\n\t<h1>\n\t\t\t\tSoka Gakkai\n\t\t\t<\/h1>\n\t\t\t<p>La Soka Gakkai \u00e9s una organitzaci\u00f3 global budista de base comunit\u00e0ria que promou la pau, la cultura i l&#8217;educaci\u00f3, centrada en el respecte a la dignitat de la vida. Els seus membres estudien i posen en pr\u00e0ctica la filosofia human\u00edstica del budisme Nichiren.\u00a0En la seva acci\u00f3 individual, els integrants de la Soka Gakkai procuren desenvolupar el seu potencial inherent, mentre contribueixen als llocs on viuen i es comprometen amb els problemes col\u00b7lectius que afecten la humanitat.\u00a0Una de les conviccions centrals de la Soka Gakkai \u00e9s la dedicaci\u00f3 permanent al di\u00e0leg i a la no-viol\u00e8ncia, aix\u00ed com la idea que la felicitat individual est\u00e0 indissolublement lligada a l&#8217;establiment de la pau.<\/p>\t\n\t<h3>\n\t\t\t\tA continuaci\u00f3 oferim una presentaci\u00f3 resumida de la Soka Gakkai estructurada en quatre punts:\n\t\t\t<\/h3>\n\t<ul>\n\t\t<li>\t\t\t\t\n\t\t<p><a href=\"https:\/\/sgi-es.org\/ca\/soka-gakkai-global\/#la-practica-diaria-ca\">La pr\u00e0ctica di\u00e0ria<\/a><\/p>\n<\/li><li>\t\t\t\t\n\t\t<p><a href=\"https:\/\/sgi-es.org\/ca\/soka-gakkai-global\/#el-llinatge-budista\">El llinatge budista<\/a><\/p>\n<\/li><li>\t\t\t\t\n\t\t<p><a href=\"https:\/\/sgi-es.org\/ca\/soka-gakkai-global\/#historia-ca\">Hist\u00f2ria<\/a><\/p>\n<\/li><li>\t\t\t\t\n\t\t<p><a href=\"https:\/\/sgi-es.org\/ca\/soka-gakkai-global\/#accio-davant-els-problemes-globals\">Acci\u00f3 davant de problemes globals<\/a><\/p><\/li>\t<\/ul>\n\t<p>Per aprofundir-hi m\u00e9s, es pot fer clic sobre qualsevol de les paraules destacades i llegir l&#8217;explicaci\u00f3 detallada continguda en el lloc web global de la Soka Gakkai (extern a aquest) que s&#8217;obrir\u00e0 en una pestanya a part.<\/p>\n\t<h3>\n\t\t\t\tLa pr\u00e0ctica di\u00e0ria\n\t\t\t<\/h3>\n\t\t\t<p>La <strong><a href=\"https:\/\/www.sokaglobal.org\/es\/practicing-buddhism\/daily-practice.html\" target=\"_blank\" rel=\"noopener\">pr\u00e0ctica budista di\u00e0ria<\/a><\/strong> fonamental que realitzen els membres de la Soka Gakkai a casa seva consisteix a entonar la frase &#8220;<strong><a href=\"https:\/\/www.sokaglobal.org\/es\/practicing-buddhism\/nam-myoho-renge-kyo.html\" target=\"_blank\" rel=\"noopener\">Nam-myoho-renge-kyo<\/a><\/strong>&#8221; i a recitar parts del <strong><a href=\"https:\/\/www.sokaglobal.org\/es\/about-the-soka-gakkai\/buddhist-lineage\/lotus-sutra.html\" target=\"_blank\" rel=\"noopener\"><em>Sutra del lotus<\/em><\/a><\/strong>.\u00a0Aix\u00ed mateix, els membres es troben peri\u00f2dicament en reunions de di\u00e0leg, organitzades en petits grups, on s&#8217;hi estudien els principis del budisme en relaci\u00f3 amb la vida quotidiana. En les seves experi\u00e8ncies personals, els participants expliquen com estan aplicant la pr\u00e0ctica budista als seus reptes i objectius.<\/p>\t\n\t<a href=\"https:\/\/sgi-es.org\/ca\/soka-gakkai-global\/#index\" target=\"_self\"  aria-label=\"Go to https:\/\/sgi-es.org\/ca\/soka-gakkai-global\/#index\"><\/a>\n\t\t<p>Pujar<\/p>\t\t\t\n\t\t\t\t<img loading=\"lazy\" decoding=\"async\" src=\"https:\/\/sgi-es.org\/wp-content\/uploads\/2026\/03\/IMG_5757_final-scaled.jpeg\" alt=\"IMG_5757_final\" itemprop=\"image\" height=\"1734\" width=\"2560\" title=\"IMG_5757_final\" onerror=\"this.style.display='none'\"  \/>\n\t<h3>\n\t\t\t\tEl llinatge budista\n\t\t\t<\/h3>\n\t\t\t<p>Els ensenyaments en els quals es basa la Soka Gakkai pertanyen a la tradici\u00f3 de l&#8217;humanisme budista iniciada amb <strong><a href=\"https:\/\/www.sokaglobal.org\/es\/about-the-soka-gakkai\/buddhist-lineage\/shakyamuni.html\" target=\"_blank\" rel=\"noopener\">Shakyamuni<\/a><\/strong> al subcontinent indi. Un dels seus valors centrals \u00e9s el respecte a la dignitat i a l&#8217;exist\u00e8ncia de tots els \u00e9ssers humans.<br \/><br \/>Havent elucidat la veritable naturalesa de la vida, Shakyamuni va viatjar extensament, dedicat a compartir la seva saviesa amb els altres. La veritat respecte a la qual es va il\u00b7luminar est\u00e0 enunciada al <em>Sutra del lotus<\/em>, un ensenyament central del budisme Mahayana que postula que la bude\u00eftat -caracteritzada per l&#8217;amor compassiu, la saviesa i la valentia- \u00e9s un estat inherent a totes les persones.<br \/><br \/>Els ensenyaments del <em>Sutra del lotus<\/em> van ser transmesos i desenvolupats per estudiosos i mestres budistes de l&#8217;\u00cdndia, la Xina i el Jap\u00f3, entre els quals es van destacar Zhiyi (el gran mestre Tiantai) a la Xina, i Nichiren, al Jap\u00f3.<br \/><br \/>Al segle xiii, Nichiren va identificar que &#8220;Nam-myoho-renge-kyo&#8221; era l&#8217;ess\u00e8ncia del <em>Sutra del lotus<\/em> i va ensenyar una pr\u00e0ctica consistent en la recitaci\u00f3 d&#8217;aquesta frase, com a mitj\u00e0 perqu\u00e8 totes les persones puguin superar el sofriment i construir una vida plena i feli\u00e7.<br \/><br \/>El moviment de la Soka Gakkai, de base ciutadana, format per 12 milions de membres en 192 pa\u00efsos i territoris, treballa per difondre en el m\u00f3n actual el missatge d&#8217;apoderament del budisme <strong><a href=\"https:\/\/www.sokaglobal.org\/es\/about-the-soka-gakkai\/buddhist-lineage\/nichiren.html\" target=\"_blank\" rel=\"noopener\">Nichiren<\/a><\/strong>\u00a0i del <em>Sutra del lotus.<\/em><\/p>\t\n\t<a href=\"https:\/\/sgi-es.org\/ca\/soka-gakkai-global\/#index\" target=\"_self\"  aria-label=\"Go to https:\/\/sgi-es.org\/ca\/soka-gakkai-global\/#index\"><\/a>\n\t\t<p>Pujar<\/p>\t\t\t\n\t<h3>\n\t\t\t\tHist\u00f2ria\n\t\t\t<\/h3>\n\t\t\t<p>Les arrels de l&#8217;organitzaci\u00f3 es remunten a 1930, quan <strong><a href=\"https:\/\/www.sokaglobal.org\/es\/about-the-soka-gakkai\/lives-of-the-founding-presidents\/tsunesaburo-makiguchi.html\" target=\"_blank\" rel=\"noopener\">Tsunesaburo Makiguchi<\/a><\/strong>\u00a0i\u00a0<strong><a href=\"https:\/\/www.sokaglobal.org\/es\/about-the-soka-gakkai\/lives-of-the-founding-presidents\/josei-toda.html\" target=\"_blank\" rel=\"noopener\">Josei Toda<\/a><\/strong> van fundar al Jap\u00f3 la Soka Kyoiku Gakkai (Societat pedag\u00f2gica per a la creaci\u00f3 de valors), precursora de l&#8217;actual Soka Gakkai.<br \/><br \/>Liderada per Makiguchi, el seu primer president, va comen\u00e7ar sent un grup de mestres interessats a impulsar una reforma educativa; despr\u00e9s, va anar convertint-se en un moviment dedicat a millorar la societat per mitj\u00e0 de la transformaci\u00f3 interior dels individus que promovia el budisme Nichiren.<br \/><br \/>El 1943, Makiguchi i Toda van ser empresonats com a &#8220;delinq\u00fcents ideol\u00f2gics&#8221;, per resistir-se a adoptar la religi\u00f3 estatal xintoista que el govern militar, en el seu afany de controlar el pensament col\u00b7lectiu, havia imposat als ciutadans. Makiguchi va morir a la pres\u00f3; Toda va recuperar la llibertat l&#8217;any 1945 i es va consagrar a reconstruir la Soka Gakkai. Anys despr\u00e9s, n&#8217;assumiria la conducci\u00f3 com a segon president.<br \/><br \/>El 1947, en la ca\u00f2tica societat de la postguerra, <strong><a href=\"https:\/\/www.sokaglobal.org\/es\/about-the-soka-gakkai\/lives-of-the-founding-presidents\/daisaku-ikeda.html\" target=\"_blank\" rel=\"noopener\">Daisaku Ikeda<\/a><\/strong> va con\u00e8ixer Josei Toda i va decidir ser el seu deixeble i ingressar a la Soka Gakkai. L&#8217;any 1960 en va ser nomenat tercer president i, sota el seu lideratge, l&#8217;organitzaci\u00f3 va emprendre el seu desenvolupament fora del Jap\u00f3.<br \/><br \/>El 1975 es va crear la Soka Gakkai Internacional (SGI), el marc institucional de la qual engloba totes les organitzacions independents de la Soka Gakkai fora del Jap\u00f3. Daisaku Ikeda va ser designat president de la nova entitat.<br \/><br \/>El 1983, la SGI va ser acreditada com a organitzaci\u00f3 no governamental en el Consell Econ\u00f2mic i Social de les Nacions Unides (ECOSOC). L&#8217;any 1995 es va promulgar la <strong><a href=\"https:\/\/www.sokaglobal.org\/es\/resources\/sgi-charter.html\" target=\"_blank\" rel=\"noopener\">Carta de la SGI<\/a><\/strong>, on s&#8217;expressa el comprom\u00eds de treballar per un m\u00f3n de pau, i de contribuir a la pau, a la cultura i a l&#8217;educaci\u00f3 basades en el respecte a la dignitat de la vida.<br \/><br \/>El 2017, la Soka Gakkai va aprovar una nova <strong><a href=\"https:\/\/www.sokaglobal.org\/es\/resources\/constitution-of-the-soka-gakkai.html\" target=\"_blank\" rel=\"noopener\">Constituci\u00f3<\/a><\/strong>, que aclareix la seva posici\u00f3 doctrinal i enuncia el seu objectiu de promoure els ensenyaments budistes de Nichiren en b\u00e9 de la pau i la felicitat humana, a m\u00e9s de reglamentar la seva administraci\u00f3 global.<br \/><br \/>El 2021 es va actualitzar la Carta de la SGI i es va adoptar la <strong><a href=\"https:\/\/www.sokaglobal.org\/es\/resources\/sg-charter.html\" target=\"_blank\" rel=\"noopener\">Carta de la Soka Gakkai<\/a><\/strong> per expressar millor els principis que han de regir el deure social de l&#8217;organitzaci\u00f3, basat en el comprom\u00eds inquebrantable amb la no-viol\u00e8ncia i amb la cultura de pau.<\/p>\t\n\t<a href=\"https:\/\/sgi-es.org\/ca\/soka-gakkai-global\/#index\" target=\"_self\"  aria-label=\"Go to https:\/\/sgi-es.org\/ca\/soka-gakkai-global\/#index\"><\/a>\n\t\t<p>Pujar<\/p>\t\t\t\n\t<h3>\n\t\t\t\tAcci\u00f3 davant de problemes globals\n\t\t\t<\/h3>\n\t\t\t<p>La Soka Gakkai i la SGI participen en iniciatives que ajuden a establir una cultura de pau. Cada organitzaci\u00f3 local desenvolupa el seu moviment respectant el context cultural de la societat a la qual pertany.<br \/><br \/>Les activitats de conscienciaci\u00f3 p\u00fablica es desenvolupen en cinc \u00e0rees principals: pau i desarmament; educaci\u00f3 per al desenvolupament sostenible i l&#8217;acci\u00f3 clim\u00e0tica; educaci\u00f3 en drets humans; ajuda humanit\u00e0ria i reducci\u00f3 del risc de desastres; i igualtat de g\u00e8nere i apoderament de la dona. Amb aquests objectius, es realitzen exposicions, simposis, trobades de di\u00e0leg interreligi\u00f3s, activitats culturals i accions de suport a les Nacions Unides.<br \/><br \/>Des de 1983, Daisaku Ikeda presenta anualment <a href=\"https:\/\/www.daisakuikeda.org\/es\/sub\/resources\/works\/props\/\" target=\"_blank\" rel=\"noopener\"><strong><u>propostes de pau <\/u><\/strong><\/a>dirigides a la comunitat internacional; all\u00ed, a m\u00e9s d&#8217;analitzar els temes crucials per a la humanitat, proposa solucions i respostes fonamentades en la filosofia budista.<br \/><br \/>Aquestes propostes orienten i impulsen les activitats de base ciutadana que empr\u00e8n l&#8217;organitzaci\u00f3, tendents a confrontar els problemes globals i a construir una cultura de pau duradora.<\/p>\t\n\t<a href=\"https:\/\/sgi-es.org\/ca\/soka-gakkai-global\/#index\" target=\"_self\"  aria-label=\"Go to https:\/\/sgi-es.org\/ca\/soka-gakkai-global\/#index\"><\/a>\n\t\t<p>Pujar<\/p>\t\t\t\n\n","protected":false},"excerpt":{"rendered":"<p>Soka Gakkai La Soka Gakkai \u00e9s una organitzaci\u00f3 global budista de base comunit\u00e0ria que promou la pau, la cultura i l&#8217;educaci\u00f3, centrada en el respecte a la dignitat de la vida. Els seus membres estudien i posen en pr\u00e0ctica la filosofia human\u00edstica del budisme Nichiren.\u00a0En la seva acci\u00f3 individual, els integrants de la Soka Gakkai [&hellip;]<\/p>\n","protected":false},"author":7,"featured_media":0,"parent":0,"menu_order":0,"comment_status":"closed","ping_status":"closed","template":"","meta":{"site-sidebar-layout":"no-sidebar","site-content-layout":"page-builder","ast-site-content-layout":"full-width-container","site-content-style":"unboxed","site-sidebar-style":"unboxed","ast-global-header-display":"","ast-banner-title-visibility":"","ast-main-header-display":"","ast-hfb-above-header-display":"","ast-hfb-below-header-display":"","ast-hfb-mobile-header-display":"","site-post-title":"disabled","ast-breadcrumbs-content":"","ast-featured-img":"disabled","footer-sml-layout":"","theme-transparent-header-meta":"default","adv-header-id-meta":"","stick-header-meta":"default","header-above-stick-meta":"","header-main-stick-meta":"","header-below-stick-meta":"","astra-migrate-meta-layouts":"set","ast-page-background-enabled":"default","ast-page-background-meta":{"desktop":{"background-color":"","background-image":"","background-repeat":"repeat","background-position":"center center","background-size":"auto","background-attachment":"scroll","background-type":"","background-media":"","overlay-type":"","overlay-color":"","overlay-opacity":"","overlay-gradient":""},"tablet":{"background-color":"","background-image":"","background-repeat":"repeat","background-position":"center center","background-size":"auto","background-attachment":"scroll","background-type":"","background-media":"","overlay-type":"","overlay-color":"","overlay-opacity":"","overlay-gradient":""},"mobile":{"background-color":"","background-image":"","background-repeat":"repeat","background-position":"center center","background-size":"auto","background-attachment":"scroll","background-type":"","background-media":"","overlay-type":"","overlay-color":"","overlay-opacity":"","overlay-gradient":""}},"ast-content-background-meta":{"desktop":{"background-color":"var(--ast-global-color-5)","background-image":"","background-repeat":"repeat","background-position":"center center","background-size":"auto","background-attachment":"scroll","background-type":"","background-media":"","overlay-type":"","overlay-color":"","overlay-opacity":"","overlay-gradient":""},"tablet":{"background-color":"var(--ast-global-color-5)","background-image":"","background-repeat":"repeat","background-position":"center center","background-size":"auto","background-attachment":"scroll","background-type":"","background-media":"","overlay-type":"","overlay-color":"","overlay-opacity":"","overlay-gradient":""},"mobile":{"background-color":"var(--ast-global-color-5)","background-image":"","background-repeat":"repeat","background-position":"center center","background-size":"auto","background-attachment":"scroll","background-type":"","background-media":"","overlay-type":"","overlay-color":"","overlay-opacity":"","overlay-gradient":""}},"footnotes":""},"class_list":["post-1680","page","type-page","status-publish","hentry"],"yoast_head":"<!-- This site is optimized with the Yoast SEO plugin v22.0 - https:\/\/yoast.com\/wordpress\/plugins\/seo\/ -->\n<title>Soka Gakkai (global) - SOKA GAKKAI DE ESPA\u00d1A<\/title>\n<meta name=\"robots\" content=\"index, follow, max-snippet:-1, max-image-preview:large, max-video-preview:-1\" \/>\n<link rel=\"canonical\" href=\"https:\/\/sgi-es.org\/ca\/soka-gakkai-global\/\" \/>\n<meta property=\"og:locale\" content=\"ca_ES\" \/>\n<meta property=\"og:type\" content=\"article\" \/>\n<meta property=\"og:title\" content=\"Soka Gakkai (global) - SOKA GAKKAI DE ESPA\u00d1A\" \/>\n<meta property=\"og:description\" content=\"Soka Gakkai La Soka Gakkai \u00e9s una organitzaci\u00f3 global budista de base comunit\u00e0ria que promou la pau, la cultura i l&#8217;educaci\u00f3, centrada en el respecte a la dignitat de la vida. Els seus membres estudien i posen en pr\u00e0ctica la filosofia human\u00edstica del budisme Nichiren.\u00a0En la seva acci\u00f3 individual, els integrants de la Soka Gakkai [&hellip;]\" \/>\n<meta property=\"og:url\" content=\"https:\/\/sgi-es.org\/ca\/soka-gakkai-global\/\" \/>\n<meta property=\"og:site_name\" content=\"SOKA GAKKAI DE ESPA\u00d1A\" \/>\n<meta property=\"article:modified_time\" content=\"2026-03-23T11:47:50+00:00\" \/>\n<meta property=\"og:image\" content=\"https:\/\/sgi-es.org\/wp-content\/uploads\/2026\/03\/IMG_5757_final-scaled.jpeg\" \/>\n<meta name=\"twitter:card\" content=\"summary_large_image\" \/>\n<meta name=\"twitter:label1\" content=\"Temps estimat de lectura\" \/>\n\t<meta name=\"twitter:data1\" content=\"5 minuts\" \/>\n<script type=\"application\/ld+json\" class=\"yoast-schema-graph\">{\"@context\":\"https:\/\/schema.org\",\"@graph\":[{\"@type\":\"WebPage\",\"@id\":\"https:\/\/sgi-es.org\/ca\/soka-gakkai-global\/\",\"url\":\"https:\/\/sgi-es.org\/ca\/soka-gakkai-global\/\",\"name\":\"Soka Gakkai (global) - SOKA GAKKAI DE ESPA\u00d1A\",\"isPartOf\":{\"@id\":\"https:\/\/sgi-es.org\/#website\"},\"datePublished\":\"2021-09-21T10:11:25+00:00\",\"dateModified\":\"2026-03-23T11:47:50+00:00\",\"breadcrumb\":{\"@id\":\"https:\/\/sgi-es.org\/ca\/soka-gakkai-global\/#breadcrumb\"},\"inLanguage\":\"ca\",\"potentialAction\":[{\"@type\":\"ReadAction\",\"target\":[\"https:\/\/sgi-es.org\/ca\/soka-gakkai-global\/\"]}]},{\"@type\":\"BreadcrumbList\",\"@id\":\"https:\/\/sgi-es.org\/ca\/soka-gakkai-global\/#breadcrumb\",\"itemListElement\":[{\"@type\":\"ListItem\",\"position\":1,\"name\":\"Portada\",\"item\":\"https:\/\/sgi-es.org\/ca\/\"},{\"@type\":\"ListItem\",\"position\":2,\"name\":\"Soka Gakkai (global)\"}]},{\"@type\":\"WebSite\",\"@id\":\"https:\/\/sgi-es.org\/#website\",\"url\":\"https:\/\/sgi-es.org\/\",\"name\":\"SOKA GAKKAI DE ESPA\u00d1A\",\"description\":\"\",\"publisher\":{\"@id\":\"https:\/\/sgi-es.org\/#organization\"},\"potentialAction\":[{\"@type\":\"SearchAction\",\"target\":{\"@type\":\"EntryPoint\",\"urlTemplate\":\"https:\/\/sgi-es.org\/?s={search_term_string}\"},\"query-input\":\"required name=search_term_string\"}],\"inLanguage\":\"ca\"},{\"@type\":\"Organization\",\"@id\":\"https:\/\/sgi-es.org\/#organization\",\"name\":\"Soka Gakkai de Espa\u00f1a\",\"url\":\"https:\/\/sgi-es.org\/\",\"logo\":{\"@type\":\"ImageObject\",\"inLanguage\":\"ca\",\"@id\":\"https:\/\/sgi-es.org\/#\/schema\/logo\/image\/\",\"url\":\"https:\/\/sgi-es.org\/wp-content\/uploads\/2021\/09\/soka-gakkai-espana-logo-6.png\",\"contentUrl\":\"https:\/\/sgi-es.org\/wp-content\/uploads\/2021\/09\/soka-gakkai-espana-logo-6.png\",\"width\":1000,\"height\":152,\"caption\":\"Soka Gakkai de Espa\u00f1a\"},\"image\":{\"@id\":\"https:\/\/sgi-es.org\/#\/schema\/logo\/image\/\"}}]}<\/script>\n<!-- \/ Yoast SEO plugin. -->","yoast_head_json":{"title":"Soka Gakkai (global) - SOKA GAKKAI DE ESPA\u00d1A","robots":{"index":"index","follow":"follow","max-snippet":"max-snippet:-1","max-image-preview":"max-image-preview:large","max-video-preview":"max-video-preview:-1"},"canonical":"https:\/\/sgi-es.org\/ca\/soka-gakkai-global\/","og_locale":"ca_ES","og_type":"article","og_title":"Soka Gakkai (global) - SOKA GAKKAI DE ESPA\u00d1A","og_description":"Soka Gakkai La Soka Gakkai \u00e9s una organitzaci\u00f3 global budista de base comunit\u00e0ria que promou la pau, la cultura i l&#8217;educaci\u00f3, centrada en el respecte a la dignitat de la vida. Els seus membres estudien i posen en pr\u00e0ctica la filosofia human\u00edstica del budisme Nichiren.\u00a0En la seva acci\u00f3 individual, els integrants de la Soka Gakkai [&hellip;]","og_url":"https:\/\/sgi-es.org\/ca\/soka-gakkai-global\/","og_site_name":"SOKA GAKKAI DE ESPA\u00d1A","article_modified_time":"2026-03-23T11:47:50+00:00","og_image":[{"url":"https:\/\/sgi-es.org\/wp-content\/uploads\/2026\/03\/IMG_5757_final-scaled.jpeg"}],"twitter_card":"summary_large_image","twitter_misc":{"Temps estimat de lectura":"5 minuts"},"schema":{"@context":"https:\/\/schema.org","@graph":[{"@type":"WebPage","@id":"https:\/\/sgi-es.org\/ca\/soka-gakkai-global\/","url":"https:\/\/sgi-es.org\/ca\/soka-gakkai-global\/","name":"Soka Gakkai (global) - SOKA GAKKAI DE ESPA\u00d1A","isPartOf":{"@id":"https:\/\/sgi-es.org\/#website"},"datePublished":"2021-09-21T10:11:25+00:00","dateModified":"2026-03-23T11:47:50+00:00","breadcrumb":{"@id":"https:\/\/sgi-es.org\/ca\/soka-gakkai-global\/#breadcrumb"},"inLanguage":"ca","potentialAction":[{"@type":"ReadAction","target":["https:\/\/sgi-es.org\/ca\/soka-gakkai-global\/"]}]},{"@type":"BreadcrumbList","@id":"https:\/\/sgi-es.org\/ca\/soka-gakkai-global\/#breadcrumb","itemListElement":[{"@type":"ListItem","position":1,"name":"Portada","item":"https:\/\/sgi-es.org\/ca\/"},{"@type":"ListItem","position":2,"name":"Soka Gakkai (global)"}]},{"@type":"WebSite","@id":"https:\/\/sgi-es.org\/#website","url":"https:\/\/sgi-es.org\/","name":"SOKA GAKKAI DE ESPA\u00d1A","description":"","publisher":{"@id":"https:\/\/sgi-es.org\/#organization"},"potentialAction":[{"@type":"SearchAction","target":{"@type":"EntryPoint","urlTemplate":"https:\/\/sgi-es.org\/?s={search_term_string}"},"query-input":"required name=search_term_string"}],"inLanguage":"ca"},{"@type":"Organization","@id":"https:\/\/sgi-es.org\/#organization","name":"Soka Gakkai de Espa\u00f1a","url":"https:\/\/sgi-es.org\/","logo":{"@type":"ImageObject","inLanguage":"ca","@id":"https:\/\/sgi-es.org\/#\/schema\/logo\/image\/","url":"https:\/\/sgi-es.org\/wp-content\/uploads\/2021\/09\/soka-gakkai-espana-logo-6.png","contentUrl":"https:\/\/sgi-es.org\/wp-content\/uploads\/2021\/09\/soka-gakkai-espana-logo-6.png","width":1000,"height":152,"caption":"Soka Gakkai de Espa\u00f1a"},"image":{"@id":"https:\/\/sgi-es.org\/#\/schema\/logo\/image\/"}}]}},"_links":{"self":[{"href":"https:\/\/sgi-es.org\/ca\/wp-json\/wp\/v2\/pages\/1680","targetHints":{"allow":["GET"]}}],"collection":[{"href":"https:\/\/sgi-es.org\/ca\/wp-json\/wp\/v2\/pages"}],"about":[{"href":"https:\/\/sgi-es.org\/ca\/wp-json\/wp\/v2\/types\/page"}],"author":[{"embeddable":true,"href":"https:\/\/sgi-es.org\/ca\/wp-json\/wp\/v2\/users\/7"}],"replies":[{"embeddable":true,"href":"https:\/\/sgi-es.org\/ca\/wp-json\/wp\/v2\/comments?post=1680"}],"version-history":[{"count":7,"href":"https:\/\/sgi-es.org\/ca\/wp-json\/wp\/v2\/pages\/1680\/revisions"}],"predecessor-version":[{"id":4124,"href":"https:\/\/sgi-es.org\/ca\/wp-json\/wp\/v2\/pages\/1680\/revisions\/4124"}],"wp:attachment":[{"href":"https:\/\/sgi-es.org\/ca\/wp-json\/wp\/v2\/media?parent=1680"}],"curies":[{"name":"wp","href":"https:\/\/api.w.org\/{rel}","templated":true}]}}