{"id":1703,"date":"2021-09-21T13:43:30","date_gmt":"2021-09-21T11:43:30","guid":{"rendered":"https:\/\/sgi-es.org\/?page_id=1703"},"modified":"2026-03-23T12:45:59","modified_gmt":"2026-03-23T11:45:59","slug":"inici","status":"publish","type":"page","link":"https:\/\/sgi-es.org\/ca\/","title":{"rendered":"Inici"},"content":{"rendered":"\r\n<p><img decoding=\"async\" src=\"https:\/\/sgi-es.org\/wp-content\/uploads\/2026\/03\/1-centro-cultural-soka-entrada-soka-gakkai-de-espana.webp\" alt=\"\" \/> <img decoding=\"async\" src=\"https:\/\/sgi-es.org\/wp-content\/uploads\/2026\/03\/3-inauguracion-del-jardin-de-la-paz-soka-gakkai-de-espana.webp\" alt=\"\" \/> <img decoding=\"async\" src=\"https:\/\/sgi-es.org\/wp-content\/uploads\/2026\/03\/6-conferencia-club-de-roma-soka-gakkai-de-espana.webp\" alt=\"\" \/> <img decoding=\"async\" src=\"https:\/\/sgi-es.org\/wp-content\/uploads\/2026\/03\/4-sesion-de-estudio-budista-soka-gakkai-de-espana.webp\" alt=\"\" \/> <img decoding=\"async\" src=\"https:\/\/sgi-es.org\/wp-content\/uploads\/2026\/03\/2-dialogo-entre-educadores-soka-gakkai-de-espana.webp\" alt=\"\" \/> <img decoding=\"async\" src=\"https:\/\/sgi-es.org\/wp-content\/uploads\/2026\/03\/5-plantacion-de-bulbos-jardin-de-la-paz-soka-gakkai-de-espana.webp\" alt=\"\" \/> <img decoding=\"async\" title=\"soka-gakkai-global-favicon\" src=\"https:\/\/sgi-es.org\/wp-content\/uploads\/2021\/09\/soka-gakkai-global-favicon.png\" alt=\"Soka Gakkai es una organizaci\u00f3n global budista de base comunitaria que promueve la paz, la cultura y la educaci\u00f3n, centrada en el respeto a la dignidad de la vida. Sus miembros estudian y ponen en pr\u00e1ctica la filosof\u00eda human\u00edstica del budismo Nichiren.\" \/><\/p>\r\n<h3>Soka Gakkai<\/h3>\r\n<p>La Soka Gakkai \u00e9s una organitzaci\u00f3 global budista de base comunit\u00e0ria que promou la pau, la cultura i l&#8217;educaci\u00f3, centrada en el respecte a la dignitat de la vida. Els seus membres estudien i posen en pr\u00e0ctica la filosofia human\u00edstica del budisme Nichiren.<\/p>\r\n<p><img decoding=\"async\" title=\"soka-gakkai-espana-favicon-2\" src=\"https:\/\/sgi-es.org\/wp-content\/uploads\/2021\/09\/soka-gakkai-espana-favicon-2.png\" alt=\"Soka Gakkai es una organizaci\u00f3n global budista de base comunitaria que promueve la paz, la cultura y la educaci\u00f3n, centrada en el respeto a la dignidad de la vida. Sus miembros estudian y ponen en pr\u00e1ctica la filosof\u00eda human\u00edstica del budismo Nichiren.\" \/><\/p>\r\n<h3>Soka Gakkai d&#8217;Espanya<\/h3>\r\n<p>La Soka Gakkai d&#8217;Espanya (SGEs) est\u00e0 inscrita, com a comunitat budista, en el Registre d&#8217;Entitats Religioses del Ministeri de Presid\u00e8ncia amb el n\u00famero 000736-antic 267.<\/p>\r\n<p><a title=\"Click Here\" role=\"button\" href=\"https:\/\/sgi-es.org\/ca\/contacte\/\" target=\"_self\" aria-label=\"Contacte\"> Contacte <\/a><\/p>\r\n<h3>Seus<\/h3>\r\n<p>Consulteu les seus de Soka Gakkai d&#8217;Espanya<\/p>\r\n<p><a title=\"Click Here\" role=\"button\" href=\"https:\/\/sgi-es.org\/ca\/seus-de-la-sges\/\" target=\"_self\" aria-label=\"Veure\"> Veure <\/a><\/p>\r\n<h2>Publicaciones<\/h2>\r\n<p><a href=\"https:\/\/sgi-es.org\/publicaciones\/\" target=\"_self\"> <img loading=\"lazy\" decoding=\"async\" title=\"ecg inicio\" src=\"https:\/\/sgi-es.org\/wp-content\/uploads\/2024\/01\/ecg-inicio.jpg\" alt=\"ecg inicio\" width=\"1902\" height=\"1069\" \/> <\/a><\/p>\r\n<h2>Not\u00edcies<\/h2>\r\n<h3>Seleccionades de la <a href=\"https:\/\/ediciones-civilizacionglobal.com\/numero-actual-de-cg\/\" target=\"_blank\" rel=\"noopener\">nostra revista<\/a><\/h3>\r\n<h2>Jard\u00edn de la Paz<\/h2>\r\n<p><a href=\"https:\/\/jardindelapazrivas.org\/\" target=\"_blank\" rel=\"noopener\"> <img loading=\"lazy\" decoding=\"async\" title=\"jardin-de-la-paz\" src=\"https:\/\/sgi-es.org\/wp-content\/uploads\/2024\/01\/jardin-de-la-paz.png\" alt=\"jardin-de-la-paz\" width=\"1768\" height=\"1196\" \/> <\/a><\/p>\r\n","protected":false},"excerpt":{"rendered":"<p>Soka Gakkai La Soka Gakkai \u00e9s una organitzaci\u00f3 global budista de base comunit\u00e0ria que promou la pau, la cultura i l&#8217;educaci\u00f3, centrada en el respecte a la dignitat de la vida. Els seus membres estudien i posen en pr\u00e0ctica la filosofia human\u00edstica del budisme Nichiren. Soka Gakkai d&#8217;Espanya La Soka Gakkai d&#8217;Espanya (SGEs) est\u00e0 inscrita, [&hellip;]<\/p>\n","protected":false},"author":7,"featured_media":0,"parent":0,"menu_order":0,"comment_status":"closed","ping_status":"closed","template":"","meta":{"site-sidebar-layout":"no-sidebar","site-content-layout":"page-builder","ast-site-content-layout":"full-width-container","site-content-style":"unboxed","site-sidebar-style":"unboxed","ast-global-header-display":"","ast-banner-title-visibility":"","ast-main-header-display":"","ast-hfb-above-header-display":"","ast-hfb-below-header-display":"","ast-hfb-mobile-header-display":"","site-post-title":"disabled","ast-breadcrumbs-content":"","ast-featured-img":"disabled","footer-sml-layout":"","theme-transparent-header-meta":"default","adv-header-id-meta":"","stick-header-meta":"default","header-above-stick-meta":"","header-main-stick-meta":"","header-below-stick-meta":"","astra-migrate-meta-layouts":"set","ast-page-background-enabled":"default","ast-page-background-meta":{"desktop":{"background-color":"","background-image":"","background-repeat":"repeat","background-position":"center center","background-size":"auto","background-attachment":"scroll","background-type":"","background-media":"","overlay-type":"","overlay-color":"","overlay-opacity":"","overlay-gradient":""},"tablet":{"background-color":"","background-image":"","background-repeat":"repeat","background-position":"center center","background-size":"auto","background-attachment":"scroll","background-type":"","background-media":"","overlay-type":"","overlay-color":"","overlay-opacity":"","overlay-gradient":""},"mobile":{"background-color":"","background-image":"","background-repeat":"repeat","background-position":"center center","background-size":"auto","background-attachment":"scroll","background-type":"","background-media":"","overlay-type":"","overlay-color":"","overlay-opacity":"","overlay-gradient":""}},"ast-content-background-meta":{"desktop":{"background-color":"var(--ast-global-color-5)","background-image":"","background-repeat":"repeat","background-position":"center center","background-size":"auto","background-attachment":"scroll","background-type":"","background-media":"","overlay-type":"","overlay-color":"","overlay-opacity":"","overlay-gradient":""},"tablet":{"background-color":"var(--ast-global-color-5)","background-image":"","background-repeat":"repeat","background-position":"center center","background-size":"auto","background-attachment":"scroll","background-type":"","background-media":"","overlay-type":"","overlay-color":"","overlay-opacity":"","overlay-gradient":""},"mobile":{"background-color":"var(--ast-global-color-5)","background-image":"","background-repeat":"repeat","background-position":"center center","background-size":"auto","background-attachment":"scroll","background-type":"","background-media":"","overlay-type":"","overlay-color":"","overlay-opacity":"","overlay-gradient":""}},"footnotes":""},"class_list":["post-1703","page","type-page","status-publish","hentry"],"yoast_head":"<!-- This site is optimized with the Yoast SEO plugin v22.0 - https:\/\/yoast.com\/wordpress\/plugins\/seo\/ -->\n<title>Inici - SOKA GAKKAI DE ESPA\u00d1A<\/title>\n<meta name=\"robots\" content=\"index, follow, max-snippet:-1, max-image-preview:large, max-video-preview:-1\" \/>\n<link rel=\"canonical\" href=\"https:\/\/sgi-es.org\/ca\/\" \/>\n<meta property=\"og:locale\" content=\"ca_ES\" \/>\n<meta property=\"og:type\" content=\"article\" \/>\n<meta property=\"og:title\" content=\"Inici - SOKA GAKKAI DE ESPA\u00d1A\" \/>\n<meta property=\"og:description\" content=\"Soka Gakkai La Soka Gakkai \u00e9s una organitzaci\u00f3 global budista de base comunit\u00e0ria que promou la pau, la cultura i l&#8217;educaci\u00f3, centrada en el respecte a la dignitat de la vida. Els seus membres estudien i posen en pr\u00e0ctica la filosofia human\u00edstica del budisme Nichiren. Soka Gakkai d&#8217;Espanya La Soka Gakkai d&#8217;Espanya (SGEs) est\u00e0 inscrita, [&hellip;]\" \/>\n<meta property=\"og:url\" content=\"https:\/\/sgi-es.org\/ca\/\" \/>\n<meta property=\"og:site_name\" content=\"SOKA GAKKAI DE ESPA\u00d1A\" \/>\n<meta property=\"article:modified_time\" content=\"2026-03-23T11:45:59+00:00\" \/>\n<meta property=\"og:image\" content=\"https:\/\/sgi-es.org\/wp-content\/uploads\/2026\/03\/1-centro-cultural-soka-entrada-soka-gakkai-de-espana.webp\" \/>\n<meta name=\"twitter:card\" content=\"summary_large_image\" \/>\n<meta name=\"twitter:label1\" content=\"Temps estimat de lectura\" \/>\n\t<meta name=\"twitter:data1\" content=\"10 minuts\" \/>\n<script type=\"application\/ld+json\" class=\"yoast-schema-graph\">{\"@context\":\"https:\/\/schema.org\",\"@graph\":[{\"@type\":\"WebPage\",\"@id\":\"https:\/\/sgi-es.org\/ca\/\",\"url\":\"https:\/\/sgi-es.org\/ca\/\",\"name\":\"Inici - SOKA GAKKAI DE ESPA\u00d1A\",\"isPartOf\":{\"@id\":\"https:\/\/sgi-es.org\/#website\"},\"datePublished\":\"2021-09-21T11:43:30+00:00\",\"dateModified\":\"2026-03-23T11:45:59+00:00\",\"breadcrumb\":{\"@id\":\"https:\/\/sgi-es.org\/ca\/#breadcrumb\"},\"inLanguage\":\"ca\",\"potentialAction\":[{\"@type\":\"ReadAction\",\"target\":[\"https:\/\/sgi-es.org\/ca\/\"]}]},{\"@type\":\"BreadcrumbList\",\"@id\":\"https:\/\/sgi-es.org\/ca\/#breadcrumb\",\"itemListElement\":[{\"@type\":\"ListItem\",\"position\":1,\"name\":\"Portada\",\"item\":\"https:\/\/sgi-es.org\/ca\/\"},{\"@type\":\"ListItem\",\"position\":2,\"name\":\"Inici\"}]},{\"@type\":\"WebSite\",\"@id\":\"https:\/\/sgi-es.org\/#website\",\"url\":\"https:\/\/sgi-es.org\/\",\"name\":\"SOKA GAKKAI DE ESPA\u00d1A\",\"description\":\"\",\"publisher\":{\"@id\":\"https:\/\/sgi-es.org\/#organization\"},\"potentialAction\":[{\"@type\":\"SearchAction\",\"target\":{\"@type\":\"EntryPoint\",\"urlTemplate\":\"https:\/\/sgi-es.org\/?s={search_term_string}\"},\"query-input\":\"required name=search_term_string\"}],\"inLanguage\":\"ca\"},{\"@type\":\"Organization\",\"@id\":\"https:\/\/sgi-es.org\/#organization\",\"name\":\"Soka Gakkai de Espa\u00f1a\",\"url\":\"https:\/\/sgi-es.org\/\",\"logo\":{\"@type\":\"ImageObject\",\"inLanguage\":\"ca\",\"@id\":\"https:\/\/sgi-es.org\/#\/schema\/logo\/image\/\",\"url\":\"https:\/\/sgi-es.org\/wp-content\/uploads\/2021\/09\/soka-gakkai-espana-logo-6.png\",\"contentUrl\":\"https:\/\/sgi-es.org\/wp-content\/uploads\/2021\/09\/soka-gakkai-espana-logo-6.png\",\"width\":1000,\"height\":152,\"caption\":\"Soka Gakkai de Espa\u00f1a\"},\"image\":{\"@id\":\"https:\/\/sgi-es.org\/#\/schema\/logo\/image\/\"}}]}<\/script>\n<!-- \/ Yoast SEO plugin. -->","yoast_head_json":{"title":"Inici - SOKA GAKKAI DE ESPA\u00d1A","robots":{"index":"index","follow":"follow","max-snippet":"max-snippet:-1","max-image-preview":"max-image-preview:large","max-video-preview":"max-video-preview:-1"},"canonical":"https:\/\/sgi-es.org\/ca\/","og_locale":"ca_ES","og_type":"article","og_title":"Inici - SOKA GAKKAI DE ESPA\u00d1A","og_description":"Soka Gakkai La Soka Gakkai \u00e9s una organitzaci\u00f3 global budista de base comunit\u00e0ria que promou la pau, la cultura i l&#8217;educaci\u00f3, centrada en el respecte a la dignitat de la vida. Els seus membres estudien i posen en pr\u00e0ctica la filosofia human\u00edstica del budisme Nichiren. Soka Gakkai d&#8217;Espanya La Soka Gakkai d&#8217;Espanya (SGEs) est\u00e0 inscrita, [&hellip;]","og_url":"https:\/\/sgi-es.org\/ca\/","og_site_name":"SOKA GAKKAI DE ESPA\u00d1A","article_modified_time":"2026-03-23T11:45:59+00:00","og_image":[{"url":"https:\/\/sgi-es.org\/wp-content\/uploads\/2026\/03\/1-centro-cultural-soka-entrada-soka-gakkai-de-espana.webp"}],"twitter_card":"summary_large_image","twitter_misc":{"Temps estimat de lectura":"10 minuts"},"schema":{"@context":"https:\/\/schema.org","@graph":[{"@type":"WebPage","@id":"https:\/\/sgi-es.org\/ca\/","url":"https:\/\/sgi-es.org\/ca\/","name":"Inici - SOKA GAKKAI DE ESPA\u00d1A","isPartOf":{"@id":"https:\/\/sgi-es.org\/#website"},"datePublished":"2021-09-21T11:43:30+00:00","dateModified":"2026-03-23T11:45:59+00:00","breadcrumb":{"@id":"https:\/\/sgi-es.org\/ca\/#breadcrumb"},"inLanguage":"ca","potentialAction":[{"@type":"ReadAction","target":["https:\/\/sgi-es.org\/ca\/"]}]},{"@type":"BreadcrumbList","@id":"https:\/\/sgi-es.org\/ca\/#breadcrumb","itemListElement":[{"@type":"ListItem","position":1,"name":"Portada","item":"https:\/\/sgi-es.org\/ca\/"},{"@type":"ListItem","position":2,"name":"Inici"}]},{"@type":"WebSite","@id":"https:\/\/sgi-es.org\/#website","url":"https:\/\/sgi-es.org\/","name":"SOKA GAKKAI DE ESPA\u00d1A","description":"","publisher":{"@id":"https:\/\/sgi-es.org\/#organization"},"potentialAction":[{"@type":"SearchAction","target":{"@type":"EntryPoint","urlTemplate":"https:\/\/sgi-es.org\/?s={search_term_string}"},"query-input":"required name=search_term_string"}],"inLanguage":"ca"},{"@type":"Organization","@id":"https:\/\/sgi-es.org\/#organization","name":"Soka Gakkai de Espa\u00f1a","url":"https:\/\/sgi-es.org\/","logo":{"@type":"ImageObject","inLanguage":"ca","@id":"https:\/\/sgi-es.org\/#\/schema\/logo\/image\/","url":"https:\/\/sgi-es.org\/wp-content\/uploads\/2021\/09\/soka-gakkai-espana-logo-6.png","contentUrl":"https:\/\/sgi-es.org\/wp-content\/uploads\/2021\/09\/soka-gakkai-espana-logo-6.png","width":1000,"height":152,"caption":"Soka Gakkai de Espa\u00f1a"},"image":{"@id":"https:\/\/sgi-es.org\/#\/schema\/logo\/image\/"}}]}},"_links":{"self":[{"href":"https:\/\/sgi-es.org\/ca\/wp-json\/wp\/v2\/pages\/1703","targetHints":{"allow":["GET"]}}],"collection":[{"href":"https:\/\/sgi-es.org\/ca\/wp-json\/wp\/v2\/pages"}],"about":[{"href":"https:\/\/sgi-es.org\/ca\/wp-json\/wp\/v2\/types\/page"}],"author":[{"embeddable":true,"href":"https:\/\/sgi-es.org\/ca\/wp-json\/wp\/v2\/users\/7"}],"replies":[{"embeddable":true,"href":"https:\/\/sgi-es.org\/ca\/wp-json\/wp\/v2\/comments?post=1703"}],"version-history":[{"count":10,"href":"https:\/\/sgi-es.org\/ca\/wp-json\/wp\/v2\/pages\/1703\/revisions"}],"predecessor-version":[{"id":4121,"href":"https:\/\/sgi-es.org\/ca\/wp-json\/wp\/v2\/pages\/1703\/revisions\/4121"}],"wp:attachment":[{"href":"https:\/\/sgi-es.org\/ca\/wp-json\/wp\/v2\/media?parent=1703"}],"curies":[{"name":"wp","href":"https:\/\/api.w.org\/{rel}","templated":true}]}}