{"id":1707,"date":"2021-09-21T13:58:22","date_gmt":"2021-09-21T11:58:22","guid":{"rendered":"https:\/\/sgi-es.org\/?page_id=1707"},"modified":"2024-01-08T17:13:52","modified_gmt":"2024-01-08T16:13:52","slug":"seus-de-la-sges","status":"publish","type":"page","link":"https:\/\/sgi-es.org\/ca\/seus-de-la-sges\/","title":{"rendered":"Seus de la SGEs"},"content":{"rendered":"\r\n<h3>Contacteu per tel\u00e8fon<\/h3>\r\n<ul>\r\n<li>\r\n<p><a href=\"tel:+34518150967\">+34 518 150 967 (Cost de trucada nacional)<\/a><\/p>\r\n<\/li>\r\n<\/ul>\r\n<h3>Seus de la Soka Gakkai d&#8217;Espanya<\/h3>\r\n<h3>Madrid<\/h3>\r\n<p>Carrer Severo Ochoa, 5, 28521 Rivas-Vaciamadrid, Madrid<\/p>\r\n<h3>Gran Can\u00e0ria<\/h3>\r\n<p>Av. Alcalde Jos\u00e9 Ram\u00edrez Bethancourt, 10, baixos D, 35003 Las Palmas de Gran Canaria, Las Palmas<\/p>\r\n<h3>Tenerife<\/h3>\r\n<p>Carrer d&#8217;Enrique Wolfson, 18, baixos. 38004 Santa Cruz de Tenerife<\/p>\r\n<p><iframe loading=\"lazy\" src=\"https:\/\/www.google.com\/maps\/d\/u\/0\/embed?mid=1OZGLvAphtZhjrisOYYYzrfKPLNlH8KJx\" width=\"750\" height=\"620\"><\/iframe><\/p>\r\n","protected":false},"excerpt":{"rendered":"<p>Contacteu per tel\u00e8fon +34 518 150 967 (Cost de trucada nacional) Seus de la Soka Gakkai d&#8217;Espanya Madrid Carrer Severo Ochoa, 5, 28521 Rivas-Vaciamadrid, Madrid Gran Can\u00e0ria Av. Alcalde Jos\u00e9 Ram\u00edrez Bethancourt, 10, baixos D, 35003 Las Palmas de Gran Canaria, Las Palmas Tenerife Carrer d&#8217;Enrique Wolfson, 18, baixos. 38004 Santa Cruz de Tenerife<\/p>\n","protected":false},"author":7,"featured_media":0,"parent":0,"menu_order":0,"comment_status":"closed","ping_status":"closed","template":"","meta":{"site-sidebar-layout":"no-sidebar","site-content-layout":"page-builder","ast-site-content-layout":"full-width-container","site-content-style":"unboxed","site-sidebar-style":"unboxed","ast-global-header-display":"","ast-banner-title-visibility":"","ast-main-header-display":"","ast-hfb-above-header-display":"","ast-hfb-below-header-display":"","ast-hfb-mobile-header-display":"","site-post-title":"disabled","ast-breadcrumbs-content":"","ast-featured-img":"disabled","footer-sml-layout":"","theme-transparent-header-meta":"default","adv-header-id-meta":"","stick-header-meta":"default","header-above-stick-meta":"","header-main-stick-meta":"","header-below-stick-meta":"","astra-migrate-meta-layouts":"set","ast-page-background-enabled":"default","ast-page-background-meta":{"desktop":{"background-color":"","background-image":"","background-repeat":"repeat","background-position":"center center","background-size":"auto","background-attachment":"scroll","background-type":"","background-media":"","overlay-type":"","overlay-color":"","overlay-opacity":"","overlay-gradient":""},"tablet":{"background-color":"","background-image":"","background-repeat":"repeat","background-position":"center center","background-size":"auto","background-attachment":"scroll","background-type":"","background-media":"","overlay-type":"","overlay-color":"","overlay-opacity":"","overlay-gradient":""},"mobile":{"background-color":"","background-image":"","background-repeat":"repeat","background-position":"center center","background-size":"auto","background-attachment":"scroll","background-type":"","background-media":"","overlay-type":"","overlay-color":"","overlay-opacity":"","overlay-gradient":""}},"ast-content-background-meta":{"desktop":{"background-color":"var(--ast-global-color-5)","background-image":"","background-repeat":"repeat","background-position":"center center","background-size":"auto","background-attachment":"scroll","background-type":"","background-media":"","overlay-type":"","overlay-color":"","overlay-opacity":"","overlay-gradient":""},"tablet":{"background-color":"var(--ast-global-color-5)","background-image":"","background-repeat":"repeat","background-position":"center center","background-size":"auto","background-attachment":"scroll","background-type":"","background-media":"","overlay-type":"","overlay-color":"","overlay-opacity":"","overlay-gradient":""},"mobile":{"background-color":"var(--ast-global-color-5)","background-image":"","background-repeat":"repeat","background-position":"center center","background-size":"auto","background-attachment":"scroll","background-type":"","background-media":"","overlay-type":"","overlay-color":"","overlay-opacity":"","overlay-gradient":""}},"footnotes":""},"class_list":["post-1707","page","type-page","status-publish","hentry"],"yoast_head":"<!-- This site is optimized with the Yoast SEO plugin v22.0 - https:\/\/yoast.com\/wordpress\/plugins\/seo\/ -->\n<title>Seus de la SGEs - SOKA GAKKAI DE ESPA\u00d1A<\/title>\n<meta name=\"robots\" content=\"index, follow, max-snippet:-1, max-image-preview:large, max-video-preview:-1\" \/>\n<link rel=\"canonical\" href=\"https:\/\/sgi-es.org\/ca\/seus-de-la-sges\/\" \/>\n<meta property=\"og:locale\" content=\"ca_ES\" \/>\n<meta property=\"og:type\" content=\"article\" \/>\n<meta property=\"og:title\" content=\"Seus de la SGEs - SOKA GAKKAI DE ESPA\u00d1A\" \/>\n<meta property=\"og:description\" content=\"Contacteu per tel\u00e8fon +34 518 150 967 (Cost de trucada nacional) Seus de la Soka Gakkai d&#8217;Espanya Madrid Carrer Severo Ochoa, 5, 28521 Rivas-Vaciamadrid, Madrid Gran Can\u00e0ria Av. Alcalde Jos\u00e9 Ram\u00edrez Bethancourt, 10, baixos D, 35003 Las Palmas de Gran Canaria, Las Palmas Tenerife Carrer d&#8217;Enrique Wolfson, 18, baixos. 38004 Santa Cruz de Tenerife\" \/>\n<meta property=\"og:url\" content=\"https:\/\/sgi-es.org\/ca\/seus-de-la-sges\/\" \/>\n<meta property=\"og:site_name\" content=\"SOKA GAKKAI DE ESPA\u00d1A\" \/>\n<meta property=\"article:modified_time\" content=\"2024-01-08T16:13:52+00:00\" \/>\n<meta name=\"twitter:card\" content=\"summary_large_image\" \/>\n<meta name=\"twitter:label1\" content=\"Temps estimat de lectura\" \/>\n\t<meta name=\"twitter:data1\" content=\"1 minut\" \/>\n<script type=\"application\/ld+json\" class=\"yoast-schema-graph\">{\"@context\":\"https:\/\/schema.org\",\"@graph\":[{\"@type\":\"WebPage\",\"@id\":\"https:\/\/sgi-es.org\/ca\/seus-de-la-sges\/\",\"url\":\"https:\/\/sgi-es.org\/ca\/seus-de-la-sges\/\",\"name\":\"Seus de la SGEs - SOKA GAKKAI DE ESPA\u00d1A\",\"isPartOf\":{\"@id\":\"https:\/\/sgi-es.org\/#website\"},\"datePublished\":\"2021-09-21T11:58:22+00:00\",\"dateModified\":\"2024-01-08T16:13:52+00:00\",\"breadcrumb\":{\"@id\":\"https:\/\/sgi-es.org\/ca\/seus-de-la-sges\/#breadcrumb\"},\"inLanguage\":\"ca\",\"potentialAction\":[{\"@type\":\"ReadAction\",\"target\":[\"https:\/\/sgi-es.org\/ca\/seus-de-la-sges\/\"]}]},{\"@type\":\"BreadcrumbList\",\"@id\":\"https:\/\/sgi-es.org\/ca\/seus-de-la-sges\/#breadcrumb\",\"itemListElement\":[{\"@type\":\"ListItem\",\"position\":1,\"name\":\"Portada\",\"item\":\"https:\/\/sgi-es.org\/ca\/\"},{\"@type\":\"ListItem\",\"position\":2,\"name\":\"Seus de la SGEs\"}]},{\"@type\":\"WebSite\",\"@id\":\"https:\/\/sgi-es.org\/#website\",\"url\":\"https:\/\/sgi-es.org\/\",\"name\":\"SOKA GAKKAI DE ESPA\u00d1A\",\"description\":\"\",\"publisher\":{\"@id\":\"https:\/\/sgi-es.org\/#organization\"},\"potentialAction\":[{\"@type\":\"SearchAction\",\"target\":{\"@type\":\"EntryPoint\",\"urlTemplate\":\"https:\/\/sgi-es.org\/?s={search_term_string}\"},\"query-input\":\"required name=search_term_string\"}],\"inLanguage\":\"ca\"},{\"@type\":\"Organization\",\"@id\":\"https:\/\/sgi-es.org\/#organization\",\"name\":\"Soka Gakkai de Espa\u00f1a\",\"url\":\"https:\/\/sgi-es.org\/\",\"logo\":{\"@type\":\"ImageObject\",\"inLanguage\":\"ca\",\"@id\":\"https:\/\/sgi-es.org\/#\/schema\/logo\/image\/\",\"url\":\"https:\/\/sgi-es.org\/wp-content\/uploads\/2021\/09\/soka-gakkai-espana-logo-6.png\",\"contentUrl\":\"https:\/\/sgi-es.org\/wp-content\/uploads\/2021\/09\/soka-gakkai-espana-logo-6.png\",\"width\":1000,\"height\":152,\"caption\":\"Soka Gakkai de Espa\u00f1a\"},\"image\":{\"@id\":\"https:\/\/sgi-es.org\/#\/schema\/logo\/image\/\"}}]}<\/script>\n<!-- \/ Yoast SEO plugin. -->","yoast_head_json":{"title":"Seus de la SGEs - SOKA GAKKAI DE ESPA\u00d1A","robots":{"index":"index","follow":"follow","max-snippet":"max-snippet:-1","max-image-preview":"max-image-preview:large","max-video-preview":"max-video-preview:-1"},"canonical":"https:\/\/sgi-es.org\/ca\/seus-de-la-sges\/","og_locale":"ca_ES","og_type":"article","og_title":"Seus de la SGEs - SOKA GAKKAI DE ESPA\u00d1A","og_description":"Contacteu per tel\u00e8fon +34 518 150 967 (Cost de trucada nacional) Seus de la Soka Gakkai d&#8217;Espanya Madrid Carrer Severo Ochoa, 5, 28521 Rivas-Vaciamadrid, Madrid Gran Can\u00e0ria Av. Alcalde Jos\u00e9 Ram\u00edrez Bethancourt, 10, baixos D, 35003 Las Palmas de Gran Canaria, Las Palmas Tenerife Carrer d&#8217;Enrique Wolfson, 18, baixos. 38004 Santa Cruz de Tenerife","og_url":"https:\/\/sgi-es.org\/ca\/seus-de-la-sges\/","og_site_name":"SOKA GAKKAI DE ESPA\u00d1A","article_modified_time":"2024-01-08T16:13:52+00:00","twitter_card":"summary_large_image","twitter_misc":{"Temps estimat de lectura":"1 minut"},"schema":{"@context":"https:\/\/schema.org","@graph":[{"@type":"WebPage","@id":"https:\/\/sgi-es.org\/ca\/seus-de-la-sges\/","url":"https:\/\/sgi-es.org\/ca\/seus-de-la-sges\/","name":"Seus de la SGEs - SOKA GAKKAI DE ESPA\u00d1A","isPartOf":{"@id":"https:\/\/sgi-es.org\/#website"},"datePublished":"2021-09-21T11:58:22+00:00","dateModified":"2024-01-08T16:13:52+00:00","breadcrumb":{"@id":"https:\/\/sgi-es.org\/ca\/seus-de-la-sges\/#breadcrumb"},"inLanguage":"ca","potentialAction":[{"@type":"ReadAction","target":["https:\/\/sgi-es.org\/ca\/seus-de-la-sges\/"]}]},{"@type":"BreadcrumbList","@id":"https:\/\/sgi-es.org\/ca\/seus-de-la-sges\/#breadcrumb","itemListElement":[{"@type":"ListItem","position":1,"name":"Portada","item":"https:\/\/sgi-es.org\/ca\/"},{"@type":"ListItem","position":2,"name":"Seus de la SGEs"}]},{"@type":"WebSite","@id":"https:\/\/sgi-es.org\/#website","url":"https:\/\/sgi-es.org\/","name":"SOKA GAKKAI DE ESPA\u00d1A","description":"","publisher":{"@id":"https:\/\/sgi-es.org\/#organization"},"potentialAction":[{"@type":"SearchAction","target":{"@type":"EntryPoint","urlTemplate":"https:\/\/sgi-es.org\/?s={search_term_string}"},"query-input":"required name=search_term_string"}],"inLanguage":"ca"},{"@type":"Organization","@id":"https:\/\/sgi-es.org\/#organization","name":"Soka Gakkai de Espa\u00f1a","url":"https:\/\/sgi-es.org\/","logo":{"@type":"ImageObject","inLanguage":"ca","@id":"https:\/\/sgi-es.org\/#\/schema\/logo\/image\/","url":"https:\/\/sgi-es.org\/wp-content\/uploads\/2021\/09\/soka-gakkai-espana-logo-6.png","contentUrl":"https:\/\/sgi-es.org\/wp-content\/uploads\/2021\/09\/soka-gakkai-espana-logo-6.png","width":1000,"height":152,"caption":"Soka Gakkai de Espa\u00f1a"},"image":{"@id":"https:\/\/sgi-es.org\/#\/schema\/logo\/image\/"}}]}},"_links":{"self":[{"href":"https:\/\/sgi-es.org\/ca\/wp-json\/wp\/v2\/pages\/1707","targetHints":{"allow":["GET"]}}],"collection":[{"href":"https:\/\/sgi-es.org\/ca\/wp-json\/wp\/v2\/pages"}],"about":[{"href":"https:\/\/sgi-es.org\/ca\/wp-json\/wp\/v2\/types\/page"}],"author":[{"embeddable":true,"href":"https:\/\/sgi-es.org\/ca\/wp-json\/wp\/v2\/users\/7"}],"replies":[{"embeddable":true,"href":"https:\/\/sgi-es.org\/ca\/wp-json\/wp\/v2\/comments?post=1707"}],"version-history":[{"count":3,"href":"https:\/\/sgi-es.org\/ca\/wp-json\/wp\/v2\/pages\/1707\/revisions"}],"predecessor-version":[{"id":2110,"href":"https:\/\/sgi-es.org\/ca\/wp-json\/wp\/v2\/pages\/1707\/revisions\/2110"}],"wp:attachment":[{"href":"https:\/\/sgi-es.org\/ca\/wp-json\/wp\/v2\/media?parent=1707"}],"curies":[{"name":"wp","href":"https:\/\/api.w.org\/{rel}","templated":true}]}}