{"id":1825,"date":"2021-10-06T11:45:02","date_gmt":"2021-10-06T09:45:02","guid":{"rendered":"https:\/\/sgi-es.org\/?page_id=1825"},"modified":"2026-03-23T12:22:10","modified_gmt":"2026-03-23T11:22:10","slug":"hasiera","status":"publish","type":"page","link":"https:\/\/sgi-es.org\/eu\/","title":{"rendered":"Hasiera"},"content":{"rendered":"\n\n\t\t\t<img decoding=\"async\" loading='false' src=\"https:\/\/sgi-es.org\/wp-content\/uploads\/2026\/03\/1-centro-cultural-soka-entrada-soka-gakkai-de-espana.webp\" alt=\"\" \/>\t\t\t\n\t\t\t<img decoding=\"async\" loading='false' src=\"https:\/\/sgi-es.org\/wp-content\/uploads\/2026\/03\/3-inauguracion-del-jardin-de-la-paz-soka-gakkai-de-espana.webp\" alt=\"\" \/>\t\t\t\n\t\t\t<img decoding=\"async\" loading='false' src=\"https:\/\/sgi-es.org\/wp-content\/uploads\/2026\/03\/6-conferencia-club-de-roma-soka-gakkai-de-espana.webp\" alt=\"\" \/>\t\t\t\n\t\t\t<img decoding=\"async\" loading='false' src=\"https:\/\/sgi-es.org\/wp-content\/uploads\/2026\/03\/4-sesion-de-estudio-budista-soka-gakkai-de-espana.webp\" alt=\"\" \/>\t\t\t\n\t\t\t<img decoding=\"async\" loading='false' src=\"https:\/\/sgi-es.org\/wp-content\/uploads\/2026\/03\/2-dialogo-entre-educadores-soka-gakkai-de-espana.webp\" alt=\"\" \/>\t\t\t\n\t\t\t<img decoding=\"async\" loading='false' src=\"https:\/\/sgi-es.org\/wp-content\/uploads\/2026\/03\/5-plantacion-de-bulbos-jardin-de-la-paz-soka-gakkai-de-espana.webp\" alt=\"\" \/>\t\t\t\n\t<a href=\"https:\/\/sgi-es.org\/eu\/soka-gakkai-global\/\" target=\"_self\"  aria-label=\"Go to https:\/\/sgi-es.org\/eu\/soka-gakkai-global\/\"><\/a>\n\t\t\t\t<img decoding=\"async\" src=\"https:\/\/sgi-es.org\/wp-content\/uploads\/2021\/09\/soka-gakkai-global-favicon.png\" alt=\"Soka Gakkai es una organizaci\u00f3n global budista de base comunitaria que promueve la paz, la cultura y la educaci\u00f3n, centrada en el respeto a la dignidad de la vida. Sus miembros estudian y ponen en pr\u00e1ctica la filosof\u00eda human\u00edstica del budismo Nichiren.\" title=\"soka-gakkai-global-favicon\" itemprop=\"image\"\/>\n\t\t<h3>Soka Gakkai<\/h3>\t\t\t\n\t\t\t\t<p>Soka Gakkai oinarri komunitarioko erakunde global budista bat da, bakea, kultura eta hezkuntza sustatzen dituena, eta bizitzaren duintasunaren errespetuan sostengatzen dena. Bere kideek Nichiren budismoaren filosofia humanistikoa ikasi eta praktikan jartzen dute.<\/p>\n\t<a href=\"https:\/\/sgi-es.org\/eu\/espainiako-soka-gakkai\/\" target=\"_self\"  aria-label=\"Go to https:\/\/sgi-es.org\/eu\/espainiako-soka-gakkai\/\"><\/a>\n\t\t\t\t<img decoding=\"async\" src=\"https:\/\/sgi-es.org\/wp-content\/uploads\/2021\/09\/soka-gakkai-espana-favicon-2.png\" alt=\"Soka Gakkai es una organizaci\u00f3n global budista de base comunitaria que promueve la paz, la cultura y la educaci\u00f3n, centrada en el respeto a la dignidad de la vida. Sus miembros estudian y ponen en pr\u00e1ctica la filosof\u00eda human\u00edstica del budismo Nichiren.\" title=\"soka-gakkai-espana-favicon-2\" itemprop=\"image\"\/>\n\t\t<h3>Espainiako Soka Gakkai<\/h3>\t\t\t\n\t\t\t\t<p>Espainiako Soka Gakkai (SGEs), Lehendakaritza Ministerioko Erlijio Erakundeen Erregistroan, komunitate budista bezala 000736 zenbakiarekin (lehengo 267) inskribatuta dago.<\/p>\n\t\t\t<a href=\"https:\/\/sgi-es.org\/eu\/kontaktua\/\" title=\"Click Here\" target=\"_self\"   role=\"button\" aria-label=\"Kontaktua\">\n\t\t\t\t\t\t\tKontaktua\n\t\t<\/a>\n\t\t\t<h3>Egoitzak<\/h3>\t\t\t\n\t\t\t\t<p>Espainiako Soka Gakkairen egoitzak kontsulta itzazu<\/p>\n\t\t\t<a href=\"https:\/\/sgi-es.org\/eu\/sges-eko-egoitzak\/\" title=\"Click Here\" target=\"_self\"   role=\"button\" aria-label=\"Ikusi\">\n\t\t\t\t\t\t\tIkusi\n\t\t<\/a>\n<h2>\n\t\tPublicaciones\n\t<\/h2>\n\t\t\t\t<a href=\"https:\/\/sgi-es.org\/publicaciones\/\"  target=\"_self\" itemprop=\"url\">\n\t\t\t\t<img loading=\"lazy\" decoding=\"async\" src=\"https:\/\/sgi-es.org\/wp-content\/uploads\/2024\/01\/ecg-inicio.jpg\" alt=\"ecg inicio\" itemprop=\"image\" height=\"1069\" width=\"1902\" title=\"ecg inicio\" onerror=\"this.style.display='none'\"  \/>\n\t\t\t\t<\/a>\n<h2>\n\t\tAlbisteak\n\t<\/h2>\n\t<h3>Gure aldizkaritik  <a href=\"https:\/\/ediciones-civilizacionglobal.com\/numero-actual-de-cg\/\" target=\"_blank\" rel=\"noopener\">hautatuak<\/a><\/h3>\n<h2>\n\t\tJard\u00edn de la Paz\n\t<\/h2>\n\t\t\t\t<a href=\"https:\/\/jardindelapazrivas.org\/\"  target=\"_blank\" rel=\"noopener\"  itemprop=\"url\">\n\t\t\t\t<img loading=\"lazy\" decoding=\"async\" src=\"https:\/\/sgi-es.org\/wp-content\/uploads\/2024\/01\/jardin-de-la-paz.png\" alt=\"jardin-de-la-paz\" itemprop=\"image\" height=\"1196\" width=\"1768\" title=\"jardin-de-la-paz\" onerror=\"this.style.display='none'\"  \/>\n\t\t\t\t<\/a>\n\n","protected":false},"excerpt":{"rendered":"<p>Soka Gakkai Soka Gakkai oinarri komunitarioko erakunde global budista bat da, bakea, kultura eta hezkuntza sustatzen dituena, eta bizitzaren duintasunaren errespetuan sostengatzen dena. Bere kideek Nichiren budismoaren filosofia humanistikoa ikasi eta praktikan jartzen dute. Espainiako Soka Gakkai Espainiako Soka Gakkai (SGEs), Lehendakaritza Ministerioko Erlijio Erakundeen Erregistroan, komunitate budista bezala 000736 zenbakiarekin (lehengo 267) inskribatuta dago. [&hellip;]<\/p>\n","protected":false},"author":7,"featured_media":0,"parent":0,"menu_order":0,"comment_status":"closed","ping_status":"closed","template":"","meta":{"site-sidebar-layout":"no-sidebar","site-content-layout":"page-builder","ast-site-content-layout":"full-width-container","site-content-style":"unboxed","site-sidebar-style":"unboxed","ast-global-header-display":"","ast-banner-title-visibility":"","ast-main-header-display":"","ast-hfb-above-header-display":"","ast-hfb-below-header-display":"","ast-hfb-mobile-header-display":"","site-post-title":"disabled","ast-breadcrumbs-content":"","ast-featured-img":"disabled","footer-sml-layout":"","theme-transparent-header-meta":"default","adv-header-id-meta":"","stick-header-meta":"default","header-above-stick-meta":"","header-main-stick-meta":"","header-below-stick-meta":"","astra-migrate-meta-layouts":"set","ast-page-background-enabled":"default","ast-page-background-meta":{"desktop":{"background-color":"","background-image":"","background-repeat":"repeat","background-position":"center center","background-size":"auto","background-attachment":"scroll","background-type":"","background-media":"","overlay-type":"","overlay-color":"","overlay-opacity":"","overlay-gradient":""},"tablet":{"background-color":"","background-image":"","background-repeat":"repeat","background-position":"center center","background-size":"auto","background-attachment":"scroll","background-type":"","background-media":"","overlay-type":"","overlay-color":"","overlay-opacity":"","overlay-gradient":""},"mobile":{"background-color":"","background-image":"","background-repeat":"repeat","background-position":"center center","background-size":"auto","background-attachment":"scroll","background-type":"","background-media":"","overlay-type":"","overlay-color":"","overlay-opacity":"","overlay-gradient":""}},"ast-content-background-meta":{"desktop":{"background-color":"var(--ast-global-color-5)","background-image":"","background-repeat":"repeat","background-position":"center center","background-size":"auto","background-attachment":"scroll","background-type":"","background-media":"","overlay-type":"","overlay-color":"","overlay-opacity":"","overlay-gradient":""},"tablet":{"background-color":"var(--ast-global-color-5)","background-image":"","background-repeat":"repeat","background-position":"center center","background-size":"auto","background-attachment":"scroll","background-type":"","background-media":"","overlay-type":"","overlay-color":"","overlay-opacity":"","overlay-gradient":""},"mobile":{"background-color":"var(--ast-global-color-5)","background-image":"","background-repeat":"repeat","background-position":"center center","background-size":"auto","background-attachment":"scroll","background-type":"","background-media":"","overlay-type":"","overlay-color":"","overlay-opacity":"","overlay-gradient":""}},"footnotes":""},"class_list":["post-1825","page","type-page","status-publish","hentry"],"yoast_head":"<!-- This site is optimized with the Yoast SEO plugin v22.0 - https:\/\/yoast.com\/wordpress\/plugins\/seo\/ -->\n<title>Hasiera - SOKA GAKKAI DE ESPA\u00d1A<\/title>\n<meta name=\"robots\" content=\"index, follow, max-snippet:-1, max-image-preview:large, max-video-preview:-1\" \/>\n<link rel=\"canonical\" href=\"https:\/\/sgi-es.org\/eu\/\" \/>\n<meta property=\"og:locale\" content=\"eu_ES\" \/>\n<meta property=\"og:type\" content=\"article\" \/>\n<meta property=\"og:title\" content=\"Hasiera - SOKA GAKKAI DE ESPA\u00d1A\" \/>\n<meta property=\"og:description\" content=\"Soka Gakkai Soka Gakkai oinarri komunitarioko erakunde global budista bat da, bakea, kultura eta hezkuntza sustatzen dituena, eta bizitzaren duintasunaren errespetuan sostengatzen dena. Bere kideek Nichiren budismoaren filosofia humanistikoa ikasi eta praktikan jartzen dute. Espainiako Soka Gakkai Espainiako Soka Gakkai (SGEs), Lehendakaritza Ministerioko Erlijio Erakundeen Erregistroan, komunitate budista bezala 000736 zenbakiarekin (lehengo 267) inskribatuta dago. [&hellip;]\" \/>\n<meta property=\"og:url\" content=\"https:\/\/sgi-es.org\/eu\/\" \/>\n<meta property=\"og:site_name\" content=\"SOKA GAKKAI DE ESPA\u00d1A\" \/>\n<meta property=\"article:modified_time\" content=\"2026-03-23T11:22:10+00:00\" \/>\n<meta property=\"og:image\" content=\"https:\/\/sgi-es.org\/wp-content\/uploads\/2026\/03\/1-centro-cultural-soka-entrada-soka-gakkai-de-espana.webp\" \/>\n<meta name=\"twitter:card\" content=\"summary_large_image\" \/>\n<meta name=\"twitter:label1\" content=\"Est. reading time\" \/>\n\t<meta name=\"twitter:data1\" content=\"10 minutes\" \/>\n<script type=\"application\/ld+json\" class=\"yoast-schema-graph\">{\"@context\":\"https:\/\/schema.org\",\"@graph\":[{\"@type\":\"WebPage\",\"@id\":\"https:\/\/sgi-es.org\/eu\/\",\"url\":\"https:\/\/sgi-es.org\/eu\/\",\"name\":\"Hasiera - SOKA GAKKAI DE ESPA\u00d1A\",\"isPartOf\":{\"@id\":\"https:\/\/sgi-es.org\/#website\"},\"datePublished\":\"2021-10-06T09:45:02+00:00\",\"dateModified\":\"2026-03-23T11:22:10+00:00\",\"breadcrumb\":{\"@id\":\"https:\/\/sgi-es.org\/eu\/#breadcrumb\"},\"inLanguage\":\"eu-ES\",\"potentialAction\":[{\"@type\":\"ReadAction\",\"target\":[\"https:\/\/sgi-es.org\/eu\/\"]}]},{\"@type\":\"BreadcrumbList\",\"@id\":\"https:\/\/sgi-es.org\/eu\/#breadcrumb\",\"itemListElement\":[{\"@type\":\"ListItem\",\"position\":1,\"name\":\"Portada\",\"item\":\"https:\/\/sgi-es.org\/eu\/\"},{\"@type\":\"ListItem\",\"position\":2,\"name\":\"Hasiera\"}]},{\"@type\":\"WebSite\",\"@id\":\"https:\/\/sgi-es.org\/#website\",\"url\":\"https:\/\/sgi-es.org\/\",\"name\":\"SOKA GAKKAI DE ESPA\u00d1A\",\"description\":\"\",\"publisher\":{\"@id\":\"https:\/\/sgi-es.org\/#organization\"},\"potentialAction\":[{\"@type\":\"SearchAction\",\"target\":{\"@type\":\"EntryPoint\",\"urlTemplate\":\"https:\/\/sgi-es.org\/?s={search_term_string}\"},\"query-input\":\"required name=search_term_string\"}],\"inLanguage\":\"eu-ES\"},{\"@type\":\"Organization\",\"@id\":\"https:\/\/sgi-es.org\/#organization\",\"name\":\"Soka Gakkai de Espa\u00f1a\",\"url\":\"https:\/\/sgi-es.org\/\",\"logo\":{\"@type\":\"ImageObject\",\"inLanguage\":\"eu-ES\",\"@id\":\"https:\/\/sgi-es.org\/#\/schema\/logo\/image\/\",\"url\":\"https:\/\/sgi-es.org\/wp-content\/uploads\/2021\/09\/soka-gakkai-espana-logo-6.png\",\"contentUrl\":\"https:\/\/sgi-es.org\/wp-content\/uploads\/2021\/09\/soka-gakkai-espana-logo-6.png\",\"width\":1000,\"height\":152,\"caption\":\"Soka Gakkai de Espa\u00f1a\"},\"image\":{\"@id\":\"https:\/\/sgi-es.org\/#\/schema\/logo\/image\/\"}}]}<\/script>\n<!-- \/ Yoast SEO plugin. -->","yoast_head_json":{"title":"Hasiera - SOKA GAKKAI DE ESPA\u00d1A","robots":{"index":"index","follow":"follow","max-snippet":"max-snippet:-1","max-image-preview":"max-image-preview:large","max-video-preview":"max-video-preview:-1"},"canonical":"https:\/\/sgi-es.org\/eu\/","og_locale":"eu_ES","og_type":"article","og_title":"Hasiera - SOKA GAKKAI DE ESPA\u00d1A","og_description":"Soka Gakkai Soka Gakkai oinarri komunitarioko erakunde global budista bat da, bakea, kultura eta hezkuntza sustatzen dituena, eta bizitzaren duintasunaren errespetuan sostengatzen dena. Bere kideek Nichiren budismoaren filosofia humanistikoa ikasi eta praktikan jartzen dute. Espainiako Soka Gakkai Espainiako Soka Gakkai (SGEs), Lehendakaritza Ministerioko Erlijio Erakundeen Erregistroan, komunitate budista bezala 000736 zenbakiarekin (lehengo 267) inskribatuta dago. [&hellip;]","og_url":"https:\/\/sgi-es.org\/eu\/","og_site_name":"SOKA GAKKAI DE ESPA\u00d1A","article_modified_time":"2026-03-23T11:22:10+00:00","og_image":[{"url":"https:\/\/sgi-es.org\/wp-content\/uploads\/2026\/03\/1-centro-cultural-soka-entrada-soka-gakkai-de-espana.webp"}],"twitter_card":"summary_large_image","twitter_misc":{"Est. reading time":"10 minutes"},"schema":{"@context":"https:\/\/schema.org","@graph":[{"@type":"WebPage","@id":"https:\/\/sgi-es.org\/eu\/","url":"https:\/\/sgi-es.org\/eu\/","name":"Hasiera - SOKA GAKKAI DE ESPA\u00d1A","isPartOf":{"@id":"https:\/\/sgi-es.org\/#website"},"datePublished":"2021-10-06T09:45:02+00:00","dateModified":"2026-03-23T11:22:10+00:00","breadcrumb":{"@id":"https:\/\/sgi-es.org\/eu\/#breadcrumb"},"inLanguage":"eu-ES","potentialAction":[{"@type":"ReadAction","target":["https:\/\/sgi-es.org\/eu\/"]}]},{"@type":"BreadcrumbList","@id":"https:\/\/sgi-es.org\/eu\/#breadcrumb","itemListElement":[{"@type":"ListItem","position":1,"name":"Portada","item":"https:\/\/sgi-es.org\/eu\/"},{"@type":"ListItem","position":2,"name":"Hasiera"}]},{"@type":"WebSite","@id":"https:\/\/sgi-es.org\/#website","url":"https:\/\/sgi-es.org\/","name":"SOKA GAKKAI DE ESPA\u00d1A","description":"","publisher":{"@id":"https:\/\/sgi-es.org\/#organization"},"potentialAction":[{"@type":"SearchAction","target":{"@type":"EntryPoint","urlTemplate":"https:\/\/sgi-es.org\/?s={search_term_string}"},"query-input":"required name=search_term_string"}],"inLanguage":"eu-ES"},{"@type":"Organization","@id":"https:\/\/sgi-es.org\/#organization","name":"Soka Gakkai de Espa\u00f1a","url":"https:\/\/sgi-es.org\/","logo":{"@type":"ImageObject","inLanguage":"eu-ES","@id":"https:\/\/sgi-es.org\/#\/schema\/logo\/image\/","url":"https:\/\/sgi-es.org\/wp-content\/uploads\/2021\/09\/soka-gakkai-espana-logo-6.png","contentUrl":"https:\/\/sgi-es.org\/wp-content\/uploads\/2021\/09\/soka-gakkai-espana-logo-6.png","width":1000,"height":152,"caption":"Soka Gakkai de Espa\u00f1a"},"image":{"@id":"https:\/\/sgi-es.org\/#\/schema\/logo\/image\/"}}]}},"_links":{"self":[{"href":"https:\/\/sgi-es.org\/eu\/wp-json\/wp\/v2\/pages\/1825","targetHints":{"allow":["GET"]}}],"collection":[{"href":"https:\/\/sgi-es.org\/eu\/wp-json\/wp\/v2\/pages"}],"about":[{"href":"https:\/\/sgi-es.org\/eu\/wp-json\/wp\/v2\/types\/page"}],"author":[{"embeddable":true,"href":"https:\/\/sgi-es.org\/eu\/wp-json\/wp\/v2\/users\/7"}],"replies":[{"embeddable":true,"href":"https:\/\/sgi-es.org\/eu\/wp-json\/wp\/v2\/comments?post=1825"}],"version-history":[{"count":4,"href":"https:\/\/sgi-es.org\/eu\/wp-json\/wp\/v2\/pages\/1825\/revisions"}],"predecessor-version":[{"id":4108,"href":"https:\/\/sgi-es.org\/eu\/wp-json\/wp\/v2\/pages\/1825\/revisions\/4108"}],"wp:attachment":[{"href":"https:\/\/sgi-es.org\/eu\/wp-json\/wp\/v2\/media?parent=1825"}],"curies":[{"name":"wp","href":"https:\/\/api.w.org\/{rel}","templated":true}]}}