{"id":1833,"date":"2021-10-06T11:49:47","date_gmt":"2021-10-06T09:49:47","guid":{"rendered":"https:\/\/sgi-es.org\/?page_id=1833"},"modified":"2025-01-29T11:06:08","modified_gmt":"2025-01-29T10:06:08","slug":"argitalpenak","status":"publish","type":"page","link":"https:\/\/sgi-es.org\/eu\/argitalpenak\/","title":{"rendered":"Argitalpenak"},"content":{"rendered":"\n\n\t<h2>\n\t\t\t\tArgitalpenak\n\t\t\t<\/h2>\n\t\t\t<p>Espainiatik, Nichiren budismoaren balio unibertsalak eta Soka mugimendua hedatzen laguntzeko, 2008an SGEs-k <a href=\"https:\/\/ediciones-civilizacionglobal.com\/quienes-somos\/\" target=\"_blank\" rel=\"noopener\"><strong>Zibilizazio Globaleko Edizioak<\/strong><\/a> ezarri zituen.<\/p>\t\n\t\t\t\t<a href=\"https:\/\/ediciones-civilizacionglobal.com\/\" target=\"_blank\" rel=\"noopener\" itemprop=\"url\">\n\t\t\t\t<img decoding=\"async\" src=\"https:\/\/sgi-es.org\/wp-content\/uploads\/2021\/09\/ecg-inicio-soka-gakkai-de-espanna.jpg\" alt=\"Soka Gakkai es una organizaci\u00f3n global budista de base comunitaria que promueve la paz, la cultura y la educaci\u00f3n, centrada en el respeto a la dignidad de la vida. Sus miembros estudian y ponen en pr\u00e1ctica la filosof\u00eda human\u00edstica del budismo Nichiren.\" title=\"ecg-inicio-soka-gakkai-de-espanna\" itemprop=\"image\"  \/>\n\t\t\t\t\t\t<\/a>\n\t<p>Zibilizazio Globaleko Edizioen webgunea, <a href=\"https:\/\/ediciones-civilizacionglobal.com\/\" target=\"_blank\" rel=\"noopener\"><strong>online liburu-denda<\/strong><\/a> bat ere bada, zeinaren bidez hurrengoetara jo daiteke:<\/p>\n\t<ul>\n\t\t<li>\t\t\t\t\n\t\t<h3><strong><a href=\"https:\/\/ediciones-civilizacionglobal.com\/informacion-revista-civilizacion-global\/\" target=\"_blank\" rel=\"noopener\"><em>Zibilizazio Globaleko<\/em> hilabetekaria<\/a><\/strong>, <strong><a href=\"https:\/\/ediciones-civilizacionglobal.com\/numero-actual-de-cg\/\" target=\"_blank\" rel=\"noopener\">edizio digitala<\/a><\/strong> barne.<\/h3><\/li><li>\t\t\t\t\n\t\t<h3>Zibilizazio Globaleko Edizioak eta Soka Gakkaik argitaratutako liburuak, bai eta beste argitaletxe batzuen lanen arteko aukeraketa.<\/h3><\/li><li>\t\t\t\t\n\t\t<h3>Beste argitalpen eta osagarri batzuk.<\/h3><\/li>\t<\/ul>\n\t<p>Aldi berean, Soka Gakkairen webgune globalak, erderaz hitz egiten dutenentzat, hainbat <a href=\"https:\/\/www.sokaglobal.org\/es\/resources.html\" target=\"_blank\" rel=\"noopener\"><strong>baliabide<\/strong><\/a> eskaintzen ditu. Horien artean, zenbait argitalpen.<\/p>\n\n","protected":false},"excerpt":{"rendered":"<p>Argitalpenak Espainiatik, Nichiren budismoaren balio unibertsalak eta Soka mugimendua hedatzen laguntzeko, 2008an SGEs-k Zibilizazio Globaleko Edizioak ezarri zituen. Zibilizazio Globaleko Edizioen webgunea, online liburu-denda bat ere bada, zeinaren bidez hurrengoetara jo daiteke: Zibilizazio Globaleko hilabetekaria, edizio digitala barne. Zibilizazio Globaleko Edizioak eta Soka Gakkaik argitaratutako liburuak, bai eta beste argitaletxe batzuen lanen arteko aukeraketa. Beste [&hellip;]<\/p>\n","protected":false},"author":7,"featured_media":0,"parent":0,"menu_order":0,"comment_status":"closed","ping_status":"closed","template":"","meta":{"site-sidebar-layout":"no-sidebar","site-content-layout":"page-builder","ast-site-content-layout":"","site-content-style":"default","site-sidebar-style":"default","ast-global-header-display":"","ast-banner-title-visibility":"","ast-main-header-display":"","ast-hfb-above-header-display":"","ast-hfb-below-header-display":"","ast-hfb-mobile-header-display":"","site-post-title":"disabled","ast-breadcrumbs-content":"","ast-featured-img":"disabled","footer-sml-layout":"","theme-transparent-header-meta":"default","adv-header-id-meta":"","stick-header-meta":"default","header-above-stick-meta":"","header-main-stick-meta":"","header-below-stick-meta":"","astra-migrate-meta-layouts":"default","ast-page-background-enabled":"default","ast-page-background-meta":{"desktop":{"background-color":"","background-image":"","background-repeat":"repeat","background-position":"center center","background-size":"auto","background-attachment":"scroll","background-type":"","background-media":"","overlay-type":"","overlay-color":"","overlay-opacity":"","overlay-gradient":""},"tablet":{"background-color":"","background-image":"","background-repeat":"repeat","background-position":"center center","background-size":"auto","background-attachment":"scroll","background-type":"","background-media":"","overlay-type":"","overlay-color":"","overlay-opacity":"","overlay-gradient":""},"mobile":{"background-color":"","background-image":"","background-repeat":"repeat","background-position":"center center","background-size":"auto","background-attachment":"scroll","background-type":"","background-media":"","overlay-type":"","overlay-color":"","overlay-opacity":"","overlay-gradient":""}},"ast-content-background-meta":{"desktop":{"background-color":"var(--ast-global-color-5)","background-image":"","background-repeat":"repeat","background-position":"center center","background-size":"auto","background-attachment":"scroll","background-type":"","background-media":"","overlay-type":"","overlay-color":"","overlay-opacity":"","overlay-gradient":""},"tablet":{"background-color":"var(--ast-global-color-5)","background-image":"","background-repeat":"repeat","background-position":"center center","background-size":"auto","background-attachment":"scroll","background-type":"","background-media":"","overlay-type":"","overlay-color":"","overlay-opacity":"","overlay-gradient":""},"mobile":{"background-color":"var(--ast-global-color-5)","background-image":"","background-repeat":"repeat","background-position":"center center","background-size":"auto","background-attachment":"scroll","background-type":"","background-media":"","overlay-type":"","overlay-color":"","overlay-opacity":"","overlay-gradient":""}},"footnotes":""},"class_list":["post-1833","page","type-page","status-publish","hentry"],"yoast_head":"<!-- This site is optimized with the Yoast SEO plugin v22.0 - https:\/\/yoast.com\/wordpress\/plugins\/seo\/ -->\n<title>Argitalpenak - SOKA GAKKAI DE ESPA\u00d1A<\/title>\n<meta name=\"robots\" content=\"index, follow, max-snippet:-1, max-image-preview:large, max-video-preview:-1\" \/>\n<link rel=\"canonical\" href=\"https:\/\/sgi-es.org\/eu\/argitalpenak\/\" \/>\n<meta property=\"og:locale\" content=\"eu_ES\" \/>\n<meta property=\"og:type\" content=\"article\" \/>\n<meta property=\"og:title\" content=\"Argitalpenak - SOKA GAKKAI DE ESPA\u00d1A\" \/>\n<meta property=\"og:description\" content=\"Argitalpenak Espainiatik, Nichiren budismoaren balio unibertsalak eta Soka mugimendua hedatzen laguntzeko, 2008an SGEs-k Zibilizazio Globaleko Edizioak ezarri zituen. Zibilizazio Globaleko Edizioen webgunea, online liburu-denda bat ere bada, zeinaren bidez hurrengoetara jo daiteke: Zibilizazio Globaleko hilabetekaria, edizio digitala barne. Zibilizazio Globaleko Edizioak eta Soka Gakkaik argitaratutako liburuak, bai eta beste argitaletxe batzuen lanen arteko aukeraketa. Beste [&hellip;]\" \/>\n<meta property=\"og:url\" content=\"https:\/\/sgi-es.org\/eu\/argitalpenak\/\" \/>\n<meta property=\"og:site_name\" content=\"SOKA GAKKAI DE ESPA\u00d1A\" \/>\n<meta property=\"article:modified_time\" content=\"2025-01-29T10:06:08+00:00\" \/>\n<meta property=\"og:image\" content=\"https:\/\/sgi-es.org\/wp-content\/uploads\/2021\/09\/ecg-inicio-soka-gakkai-de-espanna.jpg\" \/>\n<meta name=\"twitter:card\" content=\"summary_large_image\" \/>\n<script type=\"application\/ld+json\" class=\"yoast-schema-graph\">{\"@context\":\"https:\/\/schema.org\",\"@graph\":[{\"@type\":\"WebPage\",\"@id\":\"https:\/\/sgi-es.org\/eu\/argitalpenak\/\",\"url\":\"https:\/\/sgi-es.org\/eu\/argitalpenak\/\",\"name\":\"Argitalpenak - SOKA GAKKAI DE ESPA\u00d1A\",\"isPartOf\":{\"@id\":\"https:\/\/sgi-es.org\/#website\"},\"datePublished\":\"2021-10-06T09:49:47+00:00\",\"dateModified\":\"2025-01-29T10:06:08+00:00\",\"breadcrumb\":{\"@id\":\"https:\/\/sgi-es.org\/eu\/argitalpenak\/#breadcrumb\"},\"inLanguage\":\"eu-ES\",\"potentialAction\":[{\"@type\":\"ReadAction\",\"target\":[\"https:\/\/sgi-es.org\/eu\/argitalpenak\/\"]}]},{\"@type\":\"BreadcrumbList\",\"@id\":\"https:\/\/sgi-es.org\/eu\/argitalpenak\/#breadcrumb\",\"itemListElement\":[{\"@type\":\"ListItem\",\"position\":1,\"name\":\"Portada\",\"item\":\"https:\/\/sgi-es.org\/eu\/\"},{\"@type\":\"ListItem\",\"position\":2,\"name\":\"Argitalpenak\"}]},{\"@type\":\"WebSite\",\"@id\":\"https:\/\/sgi-es.org\/#website\",\"url\":\"https:\/\/sgi-es.org\/\",\"name\":\"SOKA GAKKAI DE ESPA\u00d1A\",\"description\":\"\",\"publisher\":{\"@id\":\"https:\/\/sgi-es.org\/#organization\"},\"potentialAction\":[{\"@type\":\"SearchAction\",\"target\":{\"@type\":\"EntryPoint\",\"urlTemplate\":\"https:\/\/sgi-es.org\/?s={search_term_string}\"},\"query-input\":\"required name=search_term_string\"}],\"inLanguage\":\"eu-ES\"},{\"@type\":\"Organization\",\"@id\":\"https:\/\/sgi-es.org\/#organization\",\"name\":\"Soka Gakkai de Espa\u00f1a\",\"url\":\"https:\/\/sgi-es.org\/\",\"logo\":{\"@type\":\"ImageObject\",\"inLanguage\":\"eu-ES\",\"@id\":\"https:\/\/sgi-es.org\/#\/schema\/logo\/image\/\",\"url\":\"https:\/\/sgi-es.org\/wp-content\/uploads\/2021\/09\/soka-gakkai-espana-logo-6.png\",\"contentUrl\":\"https:\/\/sgi-es.org\/wp-content\/uploads\/2021\/09\/soka-gakkai-espana-logo-6.png\",\"width\":1000,\"height\":152,\"caption\":\"Soka Gakkai de Espa\u00f1a\"},\"image\":{\"@id\":\"https:\/\/sgi-es.org\/#\/schema\/logo\/image\/\"}}]}<\/script>\n<!-- \/ Yoast SEO plugin. -->","yoast_head_json":{"title":"Argitalpenak - SOKA GAKKAI DE ESPA\u00d1A","robots":{"index":"index","follow":"follow","max-snippet":"max-snippet:-1","max-image-preview":"max-image-preview:large","max-video-preview":"max-video-preview:-1"},"canonical":"https:\/\/sgi-es.org\/eu\/argitalpenak\/","og_locale":"eu_ES","og_type":"article","og_title":"Argitalpenak - SOKA GAKKAI DE ESPA\u00d1A","og_description":"Argitalpenak Espainiatik, Nichiren budismoaren balio unibertsalak eta Soka mugimendua hedatzen laguntzeko, 2008an SGEs-k Zibilizazio Globaleko Edizioak ezarri zituen. Zibilizazio Globaleko Edizioen webgunea, online liburu-denda bat ere bada, zeinaren bidez hurrengoetara jo daiteke: Zibilizazio Globaleko hilabetekaria, edizio digitala barne. Zibilizazio Globaleko Edizioak eta Soka Gakkaik argitaratutako liburuak, bai eta beste argitaletxe batzuen lanen arteko aukeraketa. Beste [&hellip;]","og_url":"https:\/\/sgi-es.org\/eu\/argitalpenak\/","og_site_name":"SOKA GAKKAI DE ESPA\u00d1A","article_modified_time":"2025-01-29T10:06:08+00:00","og_image":[{"url":"https:\/\/sgi-es.org\/wp-content\/uploads\/2021\/09\/ecg-inicio-soka-gakkai-de-espanna.jpg"}],"twitter_card":"summary_large_image","schema":{"@context":"https:\/\/schema.org","@graph":[{"@type":"WebPage","@id":"https:\/\/sgi-es.org\/eu\/argitalpenak\/","url":"https:\/\/sgi-es.org\/eu\/argitalpenak\/","name":"Argitalpenak - SOKA GAKKAI DE ESPA\u00d1A","isPartOf":{"@id":"https:\/\/sgi-es.org\/#website"},"datePublished":"2021-10-06T09:49:47+00:00","dateModified":"2025-01-29T10:06:08+00:00","breadcrumb":{"@id":"https:\/\/sgi-es.org\/eu\/argitalpenak\/#breadcrumb"},"inLanguage":"eu-ES","potentialAction":[{"@type":"ReadAction","target":["https:\/\/sgi-es.org\/eu\/argitalpenak\/"]}]},{"@type":"BreadcrumbList","@id":"https:\/\/sgi-es.org\/eu\/argitalpenak\/#breadcrumb","itemListElement":[{"@type":"ListItem","position":1,"name":"Portada","item":"https:\/\/sgi-es.org\/eu\/"},{"@type":"ListItem","position":2,"name":"Argitalpenak"}]},{"@type":"WebSite","@id":"https:\/\/sgi-es.org\/#website","url":"https:\/\/sgi-es.org\/","name":"SOKA GAKKAI DE ESPA\u00d1A","description":"","publisher":{"@id":"https:\/\/sgi-es.org\/#organization"},"potentialAction":[{"@type":"SearchAction","target":{"@type":"EntryPoint","urlTemplate":"https:\/\/sgi-es.org\/?s={search_term_string}"},"query-input":"required name=search_term_string"}],"inLanguage":"eu-ES"},{"@type":"Organization","@id":"https:\/\/sgi-es.org\/#organization","name":"Soka Gakkai de Espa\u00f1a","url":"https:\/\/sgi-es.org\/","logo":{"@type":"ImageObject","inLanguage":"eu-ES","@id":"https:\/\/sgi-es.org\/#\/schema\/logo\/image\/","url":"https:\/\/sgi-es.org\/wp-content\/uploads\/2021\/09\/soka-gakkai-espana-logo-6.png","contentUrl":"https:\/\/sgi-es.org\/wp-content\/uploads\/2021\/09\/soka-gakkai-espana-logo-6.png","width":1000,"height":152,"caption":"Soka Gakkai de Espa\u00f1a"},"image":{"@id":"https:\/\/sgi-es.org\/#\/schema\/logo\/image\/"}}]}},"_links":{"self":[{"href":"https:\/\/sgi-es.org\/eu\/wp-json\/wp\/v2\/pages\/1833","targetHints":{"allow":["GET"]}}],"collection":[{"href":"https:\/\/sgi-es.org\/eu\/wp-json\/wp\/v2\/pages"}],"about":[{"href":"https:\/\/sgi-es.org\/eu\/wp-json\/wp\/v2\/types\/page"}],"author":[{"embeddable":true,"href":"https:\/\/sgi-es.org\/eu\/wp-json\/wp\/v2\/users\/7"}],"replies":[{"embeddable":true,"href":"https:\/\/sgi-es.org\/eu\/wp-json\/wp\/v2\/comments?post=1833"}],"version-history":[{"count":1,"href":"https:\/\/sgi-es.org\/eu\/wp-json\/wp\/v2\/pages\/1833\/revisions"}],"predecessor-version":[{"id":3306,"href":"https:\/\/sgi-es.org\/eu\/wp-json\/wp\/v2\/pages\/1833\/revisions\/3306"}],"wp:attachment":[{"href":"https:\/\/sgi-es.org\/eu\/wp-json\/wp\/v2\/media?parent=1833"}],"curies":[{"name":"wp","href":"https:\/\/api.w.org\/{rel}","templated":true}]}}