{"id":1876,"date":"2021-10-06T12:58:43","date_gmt":"2021-10-06T10:58:43","guid":{"rendered":"https:\/\/sgi-es.org\/?page_id=1876"},"modified":"2021-10-06T12:59:05","modified_gmt":"2021-10-06T10:59:05","slug":"lege-oharra","status":"publish","type":"page","link":"https:\/\/sgi-es.org\/eu\/lege-oharra\/","title":{"rendered":"Lege-oharra"},"content":{"rendered":"<h1>LEGE-OHARRA<\/h1>\n<h3>INTRODUCCI\u00d3N:<\/h3>\n<p>El presente documento tiene como finalidad establecer y regular las normas de uso de este portal web, entendiendo por \u00e9ste a todas las p\u00e1ginas y sus contenidos propiedad de SOKA GAKKAI DE ESPA\u00d1A a las cuales se accede a trav\u00e9s del dominio.<br \/>\nLa utilizaci\u00f3n del portal web atribuye la condici\u00f3n de usuario del mismo e implica la aceptaci\u00f3n de todas las condiciones incluidas en el presente Aviso Legal. EL usuario se compromete a leer atentamente el presente Aviso Legal en cada una de las ocasiones en que se proponga utilizar nuestro portal web ya que \u00e9ste y sus condiciones de uso recogidas en el presente Avis Legal pueden sufrir modificaciones.<\/p>\n<h3>DATOS IDENTIFICATIVOS:<\/h3>\n<p>En cumplimiento con el deber de informaci\u00f3n recogido en el art\u00edculo 10 de la Ley 34\/2002, de 11 de julio, de Servicios de la Sociedad de la Informaci\u00f3n y del Comercio Electr\u00f3nico, a continuaci\u00f3n se reflejan los siguientes datos:<\/p>\n<p>El titular del presente sitio es:<\/p>\n<p>SOKA GAKKAI DE ESPA\u00d1A<br \/>\nCIF: R7800938H<br \/>\nDomicilio: Centro Cultural Soka, calle Severo Ochoa 5, 28521 RIVAS VACIAMADRID. MADRID Tel\u00e9fono: <a href=\"tel:917136759\">917 136 759<\/a><br \/>\nCorreo electr\u00f3nico: <a href=\"mailto:admin@sgi\u2010es.org\">admin@sgi\u2010es.org<\/a><br \/>\nInscrita en el Registro de Entidades Religiosas del Ministerio de Justicia: 000736<\/p>\n<h3>USUARIOS:<\/h3>\n<p>El acceso y\/o uso de este portal web atribuye la condici\u00f3n de USUARIO, que acepta, desde dicho acceso y\/o uso, las Condiciones Generales de Uso aqu\u00ed reflejadas. Las citadas Condiciones ser\u00e1n de aplicaci\u00f3n independientemente de las Condiciones Generales de Contrataci\u00f3n que en su caso resulten de obligado cumplimiento.<\/p>\n<h3>USO DEL PORTAL:<\/h3>\n<p>Proporciona el acceso a diversas informaciones en relaci\u00f3n a nuestras actividades e informaci\u00f3n sobre nuestra entidad, apartados de contacto, hiperenlaces a redes sociales, (en adelante \u201clos contenidos\u201d) pertenecientes a SOKA GAKKAI DE ESPA\u00d1A.<\/p>\n<p>El usuario asume la responsabilidad de uso del portal. Dicha responsabilidad se extiende al registro o recogida de datos que fuese necesaria para acceder a determinados servicios. EN dicho registro, el usuario ser\u00e1 responsable de aportar informaci\u00f3n veraz y l\u00edcita.<\/p>\n<h3>PROPIEDAD INTELECTUAL E INDUSTRIAL:<\/h3>\n<p>SOKA GAKKAI DE ESPA\u00d1A por s\u00ed o como concesionaria, es titular de todos los derechos de propiedad intelectual e industrial de su p\u00e1gina web, as\u00ed como de los elementos contenidos en la misma ( a t\u00edtulo enunciativo, im\u00e1genes, sonido, audio, v\u00eddeo, software o textos; marcas o logotipos, combinaciones de colores, estructura y dise\u00f1o, selecci\u00f3n de materiales usados, programas de ordenador necesarios para su funcionamiento, acceso y uso, etc.), titularidad de SOKA GAKKAI DE ESPA\u00d1A todos los derechos reservados. En virtud de lo dispuesto en los art\u00edculos 8 y 32.1, p\u00e1rrafo segundo, de la Ley de Propiedad Intelectual, quedan expresamente prohibidas la reproducci\u00f3n, la distribuci\u00f3n y la comunicaci\u00f3n p\u00fablica, incluida su modalidad de puesta a disposici\u00f3n, de la totalidad o parte de los contenidos de esta p\u00e1gina web, con fines comerciales, en cualquier soporte y por cualquier medio t\u00e9cnico, sin la autorizaci\u00f3n de SOKA GAKKAI DE ESPA\u00d1A. EL usuario se compromete a respetar los derechos de Propiedad Intelectual e Industrial titularidad de SOKA GAKKAI DE ESPA\u00d1A pueden dar lugar al ejercicio de las acciones que legalmente correspondan y , si procede, a las responsabilidades que de dicho ejercicio se deriven.<\/p>\n<p><img decoding=\"async\" src=\"data:image\/png;base64,iVBORw0KGgoAAAANSUhEUgAAAFEAAAABCAYAAACmAULBAAAAAXNSR0IArs4c6QAAAAlwSFlzAAANEgAADRIBtYA3dAAAABNJREFUGBljZGD4v4NhFFASApcBKvECjPBU+McAAAAASUVORK5CYII=\" alt=\"page1image3726176\" width=\"80.760000\" height=\"0.720000\" \/><\/p>\n<h3>EXCLUSI\u00d3N DE GARANT\u00cdAS Y RESPONSABILIDAD:<\/h3>\n<p>SOKA GAKKAI DE ESPA\u00d1A no se hace responsable, en ning\u00fan caso, de los da\u00f1os y perjuicios de cualquier naturaleza que pudieran ocasionar, a t\u00edtulo enunciativo: errores u omisiones en los contenidos, falta de disponibilidad del portal o la transmisi\u00f3n de virus o programas maliciosos o lesivos en los contenidos, a pesar de haber adoptado todas las medidas tecnol\u00f3gicas necesarias para evitarlo.<\/p>\n<p>El contenido, informaci\u00f3n y\/o consejos expresados en este portal web deben entenderse como simplemente orientativos. SOKA GAKKAI DE ESPA\u00d1A no responde de ninguna forma de la efectividad o exactitud de los mismos, quedando exenta de cualquier responsabilidad con los usuarios que haga uso de ellos, ya que son \u00e9stas las que deber\u00e1n decidir seg\u00fan su criterio la oportunidad de los mismos. En ese Sitio se pueden publicar contenidos y comentarios aportados por terceras personas. SOKA GAKKAI DE ESPA\u00d1A no responde a la veracidad y exactitud de los mismos, quedando exenta de cualquier responsabilidad con los usuarios que hagan uso de ellos.<\/p>\n<p>SOKA GAKKAI DE ESPA\u00d1A se reserva el derecho de modificar el contenido del Sitio sin previo aviso y sin ninguna limitaci\u00f3n. As\u00ed mismo la entidad declina cualquier responsabilidad por los eventuales da\u00f1os y perjuicios que puedan ocasionarse por la falta de disponibilidad y\/o continuidad de este Sitio y de los servicios que se ofrecen en \u00e9l. As\u00ed mismo, tampoco podemos garantizar la ausencia de virus no de otros elementos en la Web que puedan producir alteraciones en su sistema inform\u00e1tico.<\/p>\n<p>SOKA GAKKAI DE ESPA\u00d1A declina cualquier responsabilidad por los servicios y\/o informaci\u00f3n que se preste en otros sitios enlazados con este, ya que no controla ni ejerce ning\u00fan tipo de supervisi\u00f3n en Sitios Webs de terceros. Aconsejamos a los usuarios de los mismos a actuar con prudencia y consultar las eventuales condiciones legales que se expongan en dichas webs. As\u00ed mismo los Usuarios que remitan cualquier tipo de informaci\u00f3n a SOKA GAKKAI DE ESPA\u00d1A se comprometen a que la misma sea veraz y que no vulnere cualquier derecho de terceros ni de la legalidad vigente.<\/p>\n<p>Si Ud. cree que cualquier contenido y\/o informaci\u00f3n de este Sitio vulnera un derecho leg\u00edtimo o la legalidad vigente le agradecer\u00edamos que se pusiera en contacto con SOKA GAKKAI DE ESPA\u00d1A para que podamos tomar las medidas oportunas.<\/p>\n<h3>MODIFICACIONES:<\/h3>\n<p>SOKA GAKKAI DE ESPA\u00d1A se reserva el derecho de efectuar sin previo aviso las modificaciones que considere oportunas en su portal, pudiendo cambiar, suprimir o a\u00f1adir tanto los contenidos y servicios que se presten a trav\u00e9s de su portal de la misma como la forma en la que \u00e9stos aparezcan presentados o localizados en su portal.<\/p>\n<h3>DERECHO DE EXCLUSI\u00d3N:<\/h3>\n<p>SOKA GAKKAI DE ESPA\u00d1A se reserva el derecho a denegar o retira el acceso al portal y\/o los servicios ofrecidos sin necesidad de preaviso, a instancia propia o de un tercero, a aquellos usuarios que incumplan las presentes Condiciones Generales de Uso.<\/p>\n<h3>GENERALIDADES:<\/h3>\n<p>SOKA GAKKAI DE ESPA\u00d1A perseguir\u00e1 el incumplimiento de las presentes condiciones as\u00ed como cualquier utilizaci\u00f3n indebida de su portal ejerciendo todas las acciones civiles y penales que le pueda corresponder en derecho.<\/p>\n<h3>LEGISLACION APLICABLE<\/h3>\n<p>El presente Aviso Legal se rige en todos y cada uno de sus extremos pro la legislaci\u00f3n espa\u00f1ola. LEGISLACION APLICABLE Y JURISDICCION:<\/p>\n<p>La relaci\u00f3n entre SOKA GAKKAI DE ESPA\u00d1A y el usuario se regir\u00e1 por la normativa espa\u00f1ola vigente y cualquier controversia se someter\u00e1 a los juzgados y tribunales de la ciudad de RIVAS VACIAMADRID<\/p>\n","protected":false},"excerpt":{"rendered":"<p>LEGE-OHARRA INTRODUCCI\u00d3N: El presente documento tiene como finalidad establecer y regular las normas de uso de este portal web, entendiendo por \u00e9ste a todas las p\u00e1ginas y sus contenidos propiedad de SOKA GAKKAI DE ESPA\u00d1A a las cuales se accede a trav\u00e9s del dominio. La utilizaci\u00f3n del portal web atribuye la condici\u00f3n de usuario del [&hellip;]<\/p>\n","protected":false},"author":7,"featured_media":0,"parent":0,"menu_order":0,"comment_status":"closed","ping_status":"closed","template":"","meta":{"site-sidebar-layout":"default","site-content-layout":"default","ast-site-content-layout":"","site-content-style":"default","site-sidebar-style":"default","ast-global-header-display":"","ast-banner-title-visibility":"","ast-main-header-display":"","ast-hfb-above-header-display":"","ast-hfb-below-header-display":"","ast-hfb-mobile-header-display":"","site-post-title":"disabled","ast-breadcrumbs-content":"","ast-featured-img":"","footer-sml-layout":"","theme-transparent-header-meta":"default","adv-header-id-meta":"","stick-header-meta":"default","header-above-stick-meta":"","header-main-stick-meta":"","header-below-stick-meta":"","astra-migrate-meta-layouts":"default","ast-page-background-enabled":"default","ast-page-background-meta":{"desktop":{"background-color":"","background-image":"","background-repeat":"repeat","background-position":"center center","background-size":"auto","background-attachment":"scroll","background-type":"","background-media":"","overlay-type":"","overlay-color":"","overlay-opacity":"","overlay-gradient":""},"tablet":{"background-color":"","background-image":"","background-repeat":"repeat","background-position":"center center","background-size":"auto","background-attachment":"scroll","background-type":"","background-media":"","overlay-type":"","overlay-color":"","overlay-opacity":"","overlay-gradient":""},"mobile":{"background-color":"","background-image":"","background-repeat":"repeat","background-position":"center center","background-size":"auto","background-attachment":"scroll","background-type":"","background-media":"","overlay-type":"","overlay-color":"","overlay-opacity":"","overlay-gradient":""}},"ast-content-background-meta":{"desktop":{"background-color":"var(--ast-global-color-5)","background-image":"","background-repeat":"repeat","background-position":"center center","background-size":"auto","background-attachment":"scroll","background-type":"","background-media":"","overlay-type":"","overlay-color":"","overlay-opacity":"","overlay-gradient":""},"tablet":{"background-color":"var(--ast-global-color-5)","background-image":"","background-repeat":"repeat","background-position":"center center","background-size":"auto","background-attachment":"scroll","background-type":"","background-media":"","overlay-type":"","overlay-color":"","overlay-opacity":"","overlay-gradient":""},"mobile":{"background-color":"var(--ast-global-color-5)","background-image":"","background-repeat":"repeat","background-position":"center center","background-size":"auto","background-attachment":"scroll","background-type":"","background-media":"","overlay-type":"","overlay-color":"","overlay-opacity":"","overlay-gradient":""}},"footnotes":""},"class_list":["post-1876","page","type-page","status-publish","hentry"],"yoast_head":"<!-- This site is optimized with the Yoast SEO plugin v22.0 - https:\/\/yoast.com\/wordpress\/plugins\/seo\/ -->\n<title>Lege-oharra - SOKA GAKKAI DE ESPA\u00d1A<\/title>\n<meta name=\"robots\" content=\"noindex, follow\" \/>\n<meta property=\"og:locale\" content=\"eu_ES\" \/>\n<meta property=\"og:type\" content=\"article\" \/>\n<meta property=\"og:title\" content=\"Lege-oharra - SOKA GAKKAI DE ESPA\u00d1A\" \/>\n<meta property=\"og:description\" content=\"LEGE-OHARRA INTRODUCCI\u00d3N: El presente documento tiene como finalidad establecer y regular las normas de uso de este portal web, entendiendo por \u00e9ste a todas las p\u00e1ginas y sus contenidos propiedad de SOKA GAKKAI DE ESPA\u00d1A a las cuales se accede a trav\u00e9s del dominio. La utilizaci\u00f3n del portal web atribuye la condici\u00f3n de usuario del [&hellip;]\" \/>\n<meta property=\"og:url\" content=\"https:\/\/sgi-es.org\/eu\/lege-oharra\/\" \/>\n<meta property=\"og:site_name\" content=\"SOKA GAKKAI DE ESPA\u00d1A\" \/>\n<meta property=\"article:modified_time\" content=\"2021-10-06T10:59:05+00:00\" \/>\n<meta property=\"og:image\" content=\"\" \/>\n<meta name=\"twitter:card\" content=\"summary_large_image\" \/>\n<meta name=\"twitter:label1\" content=\"Est. reading time\" \/>\n\t<meta name=\"twitter:data1\" content=\"6 minutes\" \/>\n<script type=\"application\/ld+json\" class=\"yoast-schema-graph\">{\"@context\":\"https:\/\/schema.org\",\"@graph\":[{\"@type\":\"WebPage\",\"@id\":\"https:\/\/sgi-es.org\/eu\/lege-oharra\/\",\"url\":\"https:\/\/sgi-es.org\/eu\/lege-oharra\/\",\"name\":\"Lege-oharra - SOKA GAKKAI DE ESPA\u00d1A\",\"isPartOf\":{\"@id\":\"https:\/\/sgi-es.org\/#website\"},\"datePublished\":\"2021-10-06T10:58:43+00:00\",\"dateModified\":\"2021-10-06T10:59:05+00:00\",\"breadcrumb\":{\"@id\":\"https:\/\/sgi-es.org\/eu\/lege-oharra\/#breadcrumb\"},\"inLanguage\":\"eu-ES\",\"potentialAction\":[{\"@type\":\"ReadAction\",\"target\":[\"https:\/\/sgi-es.org\/eu\/lege-oharra\/\"]}]},{\"@type\":\"BreadcrumbList\",\"@id\":\"https:\/\/sgi-es.org\/eu\/lege-oharra\/#breadcrumb\",\"itemListElement\":[{\"@type\":\"ListItem\",\"position\":1,\"name\":\"Portada\",\"item\":\"https:\/\/sgi-es.org\/eu\/\"},{\"@type\":\"ListItem\",\"position\":2,\"name\":\"Lege-oharra\"}]},{\"@type\":\"WebSite\",\"@id\":\"https:\/\/sgi-es.org\/#website\",\"url\":\"https:\/\/sgi-es.org\/\",\"name\":\"SOKA GAKKAI DE ESPA\u00d1A\",\"description\":\"\",\"publisher\":{\"@id\":\"https:\/\/sgi-es.org\/#organization\"},\"potentialAction\":[{\"@type\":\"SearchAction\",\"target\":{\"@type\":\"EntryPoint\",\"urlTemplate\":\"https:\/\/sgi-es.org\/?s={search_term_string}\"},\"query-input\":\"required name=search_term_string\"}],\"inLanguage\":\"eu-ES\"},{\"@type\":\"Organization\",\"@id\":\"https:\/\/sgi-es.org\/#organization\",\"name\":\"Soka Gakkai de Espa\u00f1a\",\"url\":\"https:\/\/sgi-es.org\/\",\"logo\":{\"@type\":\"ImageObject\",\"inLanguage\":\"eu-ES\",\"@id\":\"https:\/\/sgi-es.org\/#\/schema\/logo\/image\/\",\"url\":\"https:\/\/sgi-es.org\/wp-content\/uploads\/2021\/09\/soka-gakkai-espana-logo-6.png\",\"contentUrl\":\"https:\/\/sgi-es.org\/wp-content\/uploads\/2021\/09\/soka-gakkai-espana-logo-6.png\",\"width\":1000,\"height\":152,\"caption\":\"Soka Gakkai de Espa\u00f1a\"},\"image\":{\"@id\":\"https:\/\/sgi-es.org\/#\/schema\/logo\/image\/\"}}]}<\/script>\n<!-- \/ Yoast SEO plugin. -->","yoast_head_json":{"title":"Lege-oharra - SOKA GAKKAI DE ESPA\u00d1A","robots":{"index":"noindex","follow":"follow"},"og_locale":"eu_ES","og_type":"article","og_title":"Lege-oharra - SOKA GAKKAI DE ESPA\u00d1A","og_description":"LEGE-OHARRA INTRODUCCI\u00d3N: El presente documento tiene como finalidad establecer y regular las normas de uso de este portal web, entendiendo por \u00e9ste a todas las p\u00e1ginas y sus contenidos propiedad de SOKA GAKKAI DE ESPA\u00d1A a las cuales se accede a trav\u00e9s del dominio. La utilizaci\u00f3n del portal web atribuye la condici\u00f3n de usuario del [&hellip;]","og_url":"https:\/\/sgi-es.org\/eu\/lege-oharra\/","og_site_name":"SOKA GAKKAI DE ESPA\u00d1A","article_modified_time":"2021-10-06T10:59:05+00:00","og_image":[{"url":"data:image\/png;base64,iVBORw0KGgoAAAANSUhEUgAAAFEAAAABCAYAAACmAULBAAAAAXNSR0IArs4c6QAAAAlwSFlzAAANEgAADRIBtYA3dAAAABNJREFUGBljZGD4v4NhFFASApcBKvECjPBU+McAAAAASUVORK5CYII="}],"twitter_card":"summary_large_image","twitter_misc":{"Est. reading time":"6 minutes"},"schema":{"@context":"https:\/\/schema.org","@graph":[{"@type":"WebPage","@id":"https:\/\/sgi-es.org\/eu\/lege-oharra\/","url":"https:\/\/sgi-es.org\/eu\/lege-oharra\/","name":"Lege-oharra - SOKA GAKKAI DE ESPA\u00d1A","isPartOf":{"@id":"https:\/\/sgi-es.org\/#website"},"datePublished":"2021-10-06T10:58:43+00:00","dateModified":"2021-10-06T10:59:05+00:00","breadcrumb":{"@id":"https:\/\/sgi-es.org\/eu\/lege-oharra\/#breadcrumb"},"inLanguage":"eu-ES","potentialAction":[{"@type":"ReadAction","target":["https:\/\/sgi-es.org\/eu\/lege-oharra\/"]}]},{"@type":"BreadcrumbList","@id":"https:\/\/sgi-es.org\/eu\/lege-oharra\/#breadcrumb","itemListElement":[{"@type":"ListItem","position":1,"name":"Portada","item":"https:\/\/sgi-es.org\/eu\/"},{"@type":"ListItem","position":2,"name":"Lege-oharra"}]},{"@type":"WebSite","@id":"https:\/\/sgi-es.org\/#website","url":"https:\/\/sgi-es.org\/","name":"SOKA GAKKAI DE ESPA\u00d1A","description":"","publisher":{"@id":"https:\/\/sgi-es.org\/#organization"},"potentialAction":[{"@type":"SearchAction","target":{"@type":"EntryPoint","urlTemplate":"https:\/\/sgi-es.org\/?s={search_term_string}"},"query-input":"required name=search_term_string"}],"inLanguage":"eu-ES"},{"@type":"Organization","@id":"https:\/\/sgi-es.org\/#organization","name":"Soka Gakkai de Espa\u00f1a","url":"https:\/\/sgi-es.org\/","logo":{"@type":"ImageObject","inLanguage":"eu-ES","@id":"https:\/\/sgi-es.org\/#\/schema\/logo\/image\/","url":"https:\/\/sgi-es.org\/wp-content\/uploads\/2021\/09\/soka-gakkai-espana-logo-6.png","contentUrl":"https:\/\/sgi-es.org\/wp-content\/uploads\/2021\/09\/soka-gakkai-espana-logo-6.png","width":1000,"height":152,"caption":"Soka Gakkai de Espa\u00f1a"},"image":{"@id":"https:\/\/sgi-es.org\/#\/schema\/logo\/image\/"}}]}},"_links":{"self":[{"href":"https:\/\/sgi-es.org\/eu\/wp-json\/wp\/v2\/pages\/1876","targetHints":{"allow":["GET"]}}],"collection":[{"href":"https:\/\/sgi-es.org\/eu\/wp-json\/wp\/v2\/pages"}],"about":[{"href":"https:\/\/sgi-es.org\/eu\/wp-json\/wp\/v2\/types\/page"}],"author":[{"embeddable":true,"href":"https:\/\/sgi-es.org\/eu\/wp-json\/wp\/v2\/users\/7"}],"replies":[{"embeddable":true,"href":"https:\/\/sgi-es.org\/eu\/wp-json\/wp\/v2\/comments?post=1876"}],"version-history":[{"count":0,"href":"https:\/\/sgi-es.org\/eu\/wp-json\/wp\/v2\/pages\/1876\/revisions"}],"wp:attachment":[{"href":"https:\/\/sgi-es.org\/eu\/wp-json\/wp\/v2\/media?parent=1876"}],"curies":[{"name":"wp","href":"https:\/\/api.w.org\/{rel}","templated":true}]}}