{"id":1881,"date":"2021-10-06T13:02:12","date_gmt":"2021-10-06T11:02:12","guid":{"rendered":"https:\/\/sgi-es.org\/?page_id=1881"},"modified":"2021-10-06T13:04:20","modified_gmt":"2021-10-06T11:04:20","slug":"pribatutasun-politika-eta-datuen-babesa","status":"publish","type":"page","link":"https:\/\/sgi-es.org\/eu\/pribatutasun-politika-eta-datuen-babesa\/","title":{"rendered":"Pribatutasun-politika eta datuen babesa"},"content":{"rendered":"<h1 class=\"page-title\">PRIBATUTASUN-POLITIKA ETA DATUEN BABESA<\/h1>\n<p>Informaci\u00f3n adicional y detallada sobre el uso de sus datos de car\u00e1cter personal<\/p>\n<h3>\u00bfQui\u00e9n es el responsable del tratamiento de sus datos?<\/h3>\n<p>SOKA GAKKAI DE ESPA\u00d1A<br \/>\nCIF: R7800938H<br \/>\nDirecci\u00f3n postal: CENTRO CULTURAL SOKA, Calle SEVERO OCHOA 5, 28521, RIVAS VACIAMADRID, MADRID Tel\u00e9fono: <a href=\"tel:917136759\">917 136 759<\/a><br \/>\nCorreo electr\u00f3nico: <a href=\"mailto:admin@sgi\u2010es.org\">admin@sgi\u2010es.org<\/a><\/p>\n<h3>\u00bfCon qu\u00e9 finalidad tratamos sus datos personales?<\/h3>\n<p>Tratamos los datos personales que nos facilite con las siguientes finalidades:<br \/>\n1\u2010 Cumplir con el deber de informaci\u00f3n y obtenci\u00f3n de consentimientos requeridos por la nueva normativa europea de protecci\u00f3n de datos de car\u00e1cter personal.<br \/>\n2\u2010 Comunicaciones entre la SGEs y los miembros e interesados en relaci\u00f3n con las actividades, publicaciones, donativos o dem\u00e1s gestiones relacionadas con su condici\u00f3n de miembro o interesado.<\/p>\n<h3>\u00bfQu\u00e9 datos tratamos?<\/h3>\n<p>Nuestra entidad tratar\u00e1 \u00fanicamente los datos estrictamente necesarios para la correcta gesti\u00f3n de las actividades relacionadas con Ud. y ser\u00e1n exclusivamente los que Ud. nos haya facilitado.<\/p>\n<h3>\u00bfDurante cu\u00e1nto tiempo trataremos sus datos?<\/h3>\n<p>Los datos personales que nos proporcione ser\u00e1n conservados mientras se mantenga la condici\u00f3n de miembro o bien durante un plazo de cuatro a\u00f1os a partir de la \u00faltima gesti\u00f3n que diera lugar a efectos fiscales.<br \/>\nSiempre podr\u00e1 ejercitar los derechos que le reconoce la normativa vigente poni\u00e9ndose en contacto a trav\u00e9s de la v\u00eda que le sea m\u00e1s c\u00f3moda.<\/p>\n<h3>\u00bfCu\u00e1l es la legitimaci\u00f3n para el tratamiento de sus datos?<\/h3>\n<p>La base legal para el tratamiento de sus datos est\u00e1 otorgada por su consentimiento expreso como propio y principal interesado.<\/p>\n<h3>\u00bfA qu\u00e9 destinatarios se comunicar\u00e1n sus datos?<\/h3>\n<p>No se comunicar\u00e1n sus datos a ning\u00fan tercero, salvo obligaciones legales vigentes. En todo caso que cambie esta posibilidad se le informar\u00e1 debidamente solicitando su consentimiento para dicha cesi\u00f3n.<br \/>\nSe informa al usuario de que, para la correcta prestaci\u00f3n de los servicios (v\u00e9ase alojamiento web, soporte, email, etc.), distintos prestadores de servicios contratados por nuestra entidad (encargados del tratamiento) podr\u00eda tener acceso a la informaci\u00f3n personal necesaria para realizar sus funciones.<\/p>\n<p>Estos servicios prestados por terceros son necesarios para el desarrollo de nuestra actividad y, en todo momento, el tratamiento de los datos que lleven a cabo se rige por un contrato que vincula al encargado respecto a nuestra entidad. En ning\u00fan caso utilizar\u00e1n la informaci\u00f3n para otros fines y la tratar\u00e1n de conformidad con las directrices estipuladas por nuestra entidad, acordes a su pol\u00edtica de privacidad y a la normativa vigente en materia de protecci\u00f3n de datos.<\/p>\n<p>Nuestra entidad en su compromiso con la privacidad y protecci\u00f3n de datos del Usuario, elegir\u00e1 \u00fanicamente prestadores de servicio que ofrezcan las garant\u00edas suficientes para aplicar medidas t\u00e9cnicas y organizativas apropiadas, de manera que el tratamiento sea conforme a la legislaci\u00f3n aplicable en materia de protecci\u00f3n de datos y garanticen la protecci\u00f3n de los derechos del Usuario.<\/p>\n<p><img decoding=\"async\" src=\"data:image\/png;base64,iVBORw0KGgoAAAANSUhEUgAAAFEAAAABCAYAAACmAULBAAAAAXNSR0IArs4c6QAAAAlwSFlzAAANEgAADRIBtYA3dAAAABNJREFUGBljZGD4v4NhFFASApcBKvECjPBU+McAAAAASUVORK5CYII=\" alt=\"page1image5781312\" width=\"80.760000\" height=\"0.720030\" \/><\/p>\n<h3>\u00bfCu\u00e1les son sus derechos cuando nos facilitan sus datos?<\/h3>\n<p>Cualquier persona tiene derecho a obtener confirmaci\u00f3n sobre si estamos tratando datos personales que les conciernan o no. En este sentido, usted tiene derecho a solicitar:<br \/>\n<strong>Acceso<\/strong>.\u2010 El interesado tendr\u00e1 derecho a obtener del responsable del tratamiento confirmaci\u00f3n de si se est\u00e1n tratando o no los datos que le conciernen, as\u00ed como informaci\u00f3n detallada acerca de determinados aspectos del tratamiento que se est\u00e9 llevando a cabo.<\/p>\n<p><strong>Rectificaci\u00f3n<\/strong>.\u2010 El interesado tendr\u00e1 derecho a obtener la rectificaci\u00f3n de los datos personales inexactos que le concierne o que se completen aquellos que fueran incompletos.<\/p>\n<p><strong>Supresi\u00f3n<\/strong>.\u2010 El interesado tendr\u00e1 derecho a solicitar la supresi\u00f3n de sus datos personales, en todo caso la supresi\u00f3n estar\u00e1 sujeta a los l\u00edmites establecidos en la norma reguladora.<\/p>\n<p><strong>Limitaci\u00f3n de su tratamiento<\/strong>.\u2010 El interesado tendr\u00e1 derecho s solicitar la limitaci\u00f3n respecto al tratamiento de sus datos de car\u00e1cter personal.<\/p>\n<p>Oposici\u00f3n al tratamiento.\u2010 En determinadas circunstancias y por motivos relacionados con su situaci\u00f3n particular, los interesados podr\u00e1n oponerse al tratamiento de sus datos. La entidad dejar\u00e1 de tratar los datos, salvo por motivos leg\u00edtimos, imperiosos, o el ejercicio o la defensa de posibles reclamaciones.<\/p>\n<p><strong>Derecho a la portabilidad de sus datos<\/strong>.\u2010 Es decir, tendr\u00e1 derecho a recibir los datos personales que le incumban, que haya facilitado a un responsable del tratamiento, en un formato estructurado, de uso com\u00fan y lectura mec\u00e1nica y a transmitirlo a otro responsable del tratamiento.<br \/>\nPodr\u00e1 ejercer los referidos derechos, dirigi\u00e9ndose al responsable. Para ello, puede utilizar los datos de contacto facilitados al inicio de este documento. Si desea obtener informaci\u00f3n adicional respecto al ejercicio de sus derechos, tambi\u00e9n puede dirigirse a la Agencia Espa\u00f1ola de Protecci\u00f3n de Datos.<\/p>\n<p>Asimismo le informamos que, si lo cree oportuno, tiene el derecho a retirar, en cualquier momento, el consentimiento otorgado para alguna finalidad espec\u00edfica, sin que ello afecte a la licitud del tratamiento, basado en el consentimiento previo a su retirada. En caso que entendiera que no se han atendido adecuadamente sus derechos, podr\u00e1 presentar una reclamaci\u00f3n ante la Agencia Espa\u00f1ola de Protecci\u00f3n de Datos, C\/Jorge Juan 6, 28021 MADRID.\u00a0<a href=\"http:\/\/www.agpd.es\" target=\"_blank\" rel=\"noopener\">www.agpd.es<\/a><\/p>\n<div class=\"page\" title=\"Page 2\">\n<div class=\"layoutArea\">\n<div class=\"column\"><\/div>\n<\/div>\n<\/div>\n","protected":false},"excerpt":{"rendered":"<p>PRIBATUTASUN-POLITIKA ETA DATUEN BABESA Informaci\u00f3n adicional y detallada sobre el uso de sus datos de car\u00e1cter personal \u00bfQui\u00e9n es el responsable del tratamiento de sus datos? SOKA GAKKAI DE ESPA\u00d1A CIF: R7800938H Direcci\u00f3n postal: CENTRO CULTURAL SOKA, Calle SEVERO OCHOA 5, 28521, RIVAS VACIAMADRID, MADRID Tel\u00e9fono: 917 136 759 Correo electr\u00f3nico: admin@sgi\u2010es.org \u00bfCon qu\u00e9 finalidad [&hellip;]<\/p>\n","protected":false},"author":7,"featured_media":0,"parent":0,"menu_order":0,"comment_status":"closed","ping_status":"closed","template":"","meta":{"site-sidebar-layout":"default","site-content-layout":"default","ast-site-content-layout":"","site-content-style":"default","site-sidebar-style":"default","ast-global-header-display":"","ast-banner-title-visibility":"","ast-main-header-display":"","ast-hfb-above-header-display":"","ast-hfb-below-header-display":"","ast-hfb-mobile-header-display":"","site-post-title":"disabled","ast-breadcrumbs-content":"","ast-featured-img":"","footer-sml-layout":"","theme-transparent-header-meta":"default","adv-header-id-meta":"","stick-header-meta":"default","header-above-stick-meta":"","header-main-stick-meta":"","header-below-stick-meta":"","astra-migrate-meta-layouts":"default","ast-page-background-enabled":"default","ast-page-background-meta":{"desktop":{"background-color":"","background-image":"","background-repeat":"repeat","background-position":"center center","background-size":"auto","background-attachment":"scroll","background-type":"","background-media":"","overlay-type":"","overlay-color":"","overlay-opacity":"","overlay-gradient":""},"tablet":{"background-color":"","background-image":"","background-repeat":"repeat","background-position":"center center","background-size":"auto","background-attachment":"scroll","background-type":"","background-media":"","overlay-type":"","overlay-color":"","overlay-opacity":"","overlay-gradient":""},"mobile":{"background-color":"","background-image":"","background-repeat":"repeat","background-position":"center center","background-size":"auto","background-attachment":"scroll","background-type":"","background-media":"","overlay-type":"","overlay-color":"","overlay-opacity":"","overlay-gradient":""}},"ast-content-background-meta":{"desktop":{"background-color":"var(--ast-global-color-5)","background-image":"","background-repeat":"repeat","background-position":"center center","background-size":"auto","background-attachment":"scroll","background-type":"","background-media":"","overlay-type":"","overlay-color":"","overlay-opacity":"","overlay-gradient":""},"tablet":{"background-color":"var(--ast-global-color-5)","background-image":"","background-repeat":"repeat","background-position":"center center","background-size":"auto","background-attachment":"scroll","background-type":"","background-media":"","overlay-type":"","overlay-color":"","overlay-opacity":"","overlay-gradient":""},"mobile":{"background-color":"var(--ast-global-color-5)","background-image":"","background-repeat":"repeat","background-position":"center center","background-size":"auto","background-attachment":"scroll","background-type":"","background-media":"","overlay-type":"","overlay-color":"","overlay-opacity":"","overlay-gradient":""}},"footnotes":""},"class_list":["post-1881","page","type-page","status-publish","hentry"],"yoast_head":"<!-- This site is optimized with the Yoast SEO plugin v22.0 - https:\/\/yoast.com\/wordpress\/plugins\/seo\/ -->\n<title>Pribatutasun-politika eta datuen babesa - SOKA GAKKAI DE ESPA\u00d1A<\/title>\n<meta name=\"robots\" content=\"noindex, follow\" \/>\n<meta property=\"og:locale\" content=\"eu_ES\" \/>\n<meta property=\"og:type\" content=\"article\" \/>\n<meta property=\"og:title\" content=\"Pribatutasun-politika eta datuen babesa - SOKA GAKKAI DE ESPA\u00d1A\" \/>\n<meta property=\"og:description\" content=\"PRIBATUTASUN-POLITIKA ETA DATUEN BABESA Informaci\u00f3n adicional y detallada sobre el uso de sus datos de car\u00e1cter personal \u00bfQui\u00e9n es el responsable del tratamiento de sus datos? SOKA GAKKAI DE ESPA\u00d1A CIF: R7800938H Direcci\u00f3n postal: CENTRO CULTURAL SOKA, Calle SEVERO OCHOA 5, 28521, RIVAS VACIAMADRID, MADRID Tel\u00e9fono: 917 136 759 Correo electr\u00f3nico: admin@sgi\u2010es.org \u00bfCon qu\u00e9 finalidad [&hellip;]\" \/>\n<meta property=\"og:url\" content=\"https:\/\/sgi-es.org\/eu\/pribatutasun-politika-eta-datuen-babesa\/\" \/>\n<meta property=\"og:site_name\" content=\"SOKA GAKKAI DE ESPA\u00d1A\" \/>\n<meta property=\"article:modified_time\" content=\"2021-10-06T11:04:20+00:00\" \/>\n<meta property=\"og:image\" content=\"\" \/>\n<meta name=\"twitter:card\" content=\"summary_large_image\" \/>\n<meta name=\"twitter:label1\" content=\"Est. reading time\" \/>\n\t<meta name=\"twitter:data1\" content=\"4 minutes\" \/>\n<script type=\"application\/ld+json\" class=\"yoast-schema-graph\">{\"@context\":\"https:\/\/schema.org\",\"@graph\":[{\"@type\":\"WebPage\",\"@id\":\"https:\/\/sgi-es.org\/eu\/pribatutasun-politika-eta-datuen-babesa\/\",\"url\":\"https:\/\/sgi-es.org\/eu\/pribatutasun-politika-eta-datuen-babesa\/\",\"name\":\"Pribatutasun-politika eta datuen babesa - SOKA GAKKAI DE ESPA\u00d1A\",\"isPartOf\":{\"@id\":\"https:\/\/sgi-es.org\/#website\"},\"datePublished\":\"2021-10-06T11:02:12+00:00\",\"dateModified\":\"2021-10-06T11:04:20+00:00\",\"breadcrumb\":{\"@id\":\"https:\/\/sgi-es.org\/eu\/pribatutasun-politika-eta-datuen-babesa\/#breadcrumb\"},\"inLanguage\":\"eu-ES\",\"potentialAction\":[{\"@type\":\"ReadAction\",\"target\":[\"https:\/\/sgi-es.org\/eu\/pribatutasun-politika-eta-datuen-babesa\/\"]}]},{\"@type\":\"BreadcrumbList\",\"@id\":\"https:\/\/sgi-es.org\/eu\/pribatutasun-politika-eta-datuen-babesa\/#breadcrumb\",\"itemListElement\":[{\"@type\":\"ListItem\",\"position\":1,\"name\":\"Portada\",\"item\":\"https:\/\/sgi-es.org\/eu\/\"},{\"@type\":\"ListItem\",\"position\":2,\"name\":\"Pribatutasun-politika eta datuen babesa\"}]},{\"@type\":\"WebSite\",\"@id\":\"https:\/\/sgi-es.org\/#website\",\"url\":\"https:\/\/sgi-es.org\/\",\"name\":\"SOKA GAKKAI DE ESPA\u00d1A\",\"description\":\"\",\"publisher\":{\"@id\":\"https:\/\/sgi-es.org\/#organization\"},\"potentialAction\":[{\"@type\":\"SearchAction\",\"target\":{\"@type\":\"EntryPoint\",\"urlTemplate\":\"https:\/\/sgi-es.org\/?s={search_term_string}\"},\"query-input\":\"required name=search_term_string\"}],\"inLanguage\":\"eu-ES\"},{\"@type\":\"Organization\",\"@id\":\"https:\/\/sgi-es.org\/#organization\",\"name\":\"Soka Gakkai de Espa\u00f1a\",\"url\":\"https:\/\/sgi-es.org\/\",\"logo\":{\"@type\":\"ImageObject\",\"inLanguage\":\"eu-ES\",\"@id\":\"https:\/\/sgi-es.org\/#\/schema\/logo\/image\/\",\"url\":\"https:\/\/sgi-es.org\/wp-content\/uploads\/2021\/09\/soka-gakkai-espana-logo-6.png\",\"contentUrl\":\"https:\/\/sgi-es.org\/wp-content\/uploads\/2021\/09\/soka-gakkai-espana-logo-6.png\",\"width\":1000,\"height\":152,\"caption\":\"Soka Gakkai de Espa\u00f1a\"},\"image\":{\"@id\":\"https:\/\/sgi-es.org\/#\/schema\/logo\/image\/\"}}]}<\/script>\n<!-- \/ Yoast SEO plugin. -->","yoast_head_json":{"title":"Pribatutasun-politika eta datuen babesa - SOKA GAKKAI DE ESPA\u00d1A","robots":{"index":"noindex","follow":"follow"},"og_locale":"eu_ES","og_type":"article","og_title":"Pribatutasun-politika eta datuen babesa - SOKA GAKKAI DE ESPA\u00d1A","og_description":"PRIBATUTASUN-POLITIKA ETA DATUEN BABESA Informaci\u00f3n adicional y detallada sobre el uso de sus datos de car\u00e1cter personal \u00bfQui\u00e9n es el responsable del tratamiento de sus datos? SOKA GAKKAI DE ESPA\u00d1A CIF: R7800938H Direcci\u00f3n postal: CENTRO CULTURAL SOKA, Calle SEVERO OCHOA 5, 28521, RIVAS VACIAMADRID, MADRID Tel\u00e9fono: 917 136 759 Correo electr\u00f3nico: admin@sgi\u2010es.org \u00bfCon qu\u00e9 finalidad [&hellip;]","og_url":"https:\/\/sgi-es.org\/eu\/pribatutasun-politika-eta-datuen-babesa\/","og_site_name":"SOKA GAKKAI DE ESPA\u00d1A","article_modified_time":"2021-10-06T11:04:20+00:00","og_image":[{"url":"data:image\/png;base64,iVBORw0KGgoAAAANSUhEUgAAAFEAAAABCAYAAACmAULBAAAAAXNSR0IArs4c6QAAAAlwSFlzAAANEgAADRIBtYA3dAAAABNJREFUGBljZGD4v4NhFFASApcBKvECjPBU+McAAAAASUVORK5CYII="}],"twitter_card":"summary_large_image","twitter_misc":{"Est. reading time":"4 minutes"},"schema":{"@context":"https:\/\/schema.org","@graph":[{"@type":"WebPage","@id":"https:\/\/sgi-es.org\/eu\/pribatutasun-politika-eta-datuen-babesa\/","url":"https:\/\/sgi-es.org\/eu\/pribatutasun-politika-eta-datuen-babesa\/","name":"Pribatutasun-politika eta datuen babesa - SOKA GAKKAI DE ESPA\u00d1A","isPartOf":{"@id":"https:\/\/sgi-es.org\/#website"},"datePublished":"2021-10-06T11:02:12+00:00","dateModified":"2021-10-06T11:04:20+00:00","breadcrumb":{"@id":"https:\/\/sgi-es.org\/eu\/pribatutasun-politika-eta-datuen-babesa\/#breadcrumb"},"inLanguage":"eu-ES","potentialAction":[{"@type":"ReadAction","target":["https:\/\/sgi-es.org\/eu\/pribatutasun-politika-eta-datuen-babesa\/"]}]},{"@type":"BreadcrumbList","@id":"https:\/\/sgi-es.org\/eu\/pribatutasun-politika-eta-datuen-babesa\/#breadcrumb","itemListElement":[{"@type":"ListItem","position":1,"name":"Portada","item":"https:\/\/sgi-es.org\/eu\/"},{"@type":"ListItem","position":2,"name":"Pribatutasun-politika eta datuen babesa"}]},{"@type":"WebSite","@id":"https:\/\/sgi-es.org\/#website","url":"https:\/\/sgi-es.org\/","name":"SOKA GAKKAI DE ESPA\u00d1A","description":"","publisher":{"@id":"https:\/\/sgi-es.org\/#organization"},"potentialAction":[{"@type":"SearchAction","target":{"@type":"EntryPoint","urlTemplate":"https:\/\/sgi-es.org\/?s={search_term_string}"},"query-input":"required name=search_term_string"}],"inLanguage":"eu-ES"},{"@type":"Organization","@id":"https:\/\/sgi-es.org\/#organization","name":"Soka Gakkai de Espa\u00f1a","url":"https:\/\/sgi-es.org\/","logo":{"@type":"ImageObject","inLanguage":"eu-ES","@id":"https:\/\/sgi-es.org\/#\/schema\/logo\/image\/","url":"https:\/\/sgi-es.org\/wp-content\/uploads\/2021\/09\/soka-gakkai-espana-logo-6.png","contentUrl":"https:\/\/sgi-es.org\/wp-content\/uploads\/2021\/09\/soka-gakkai-espana-logo-6.png","width":1000,"height":152,"caption":"Soka Gakkai de Espa\u00f1a"},"image":{"@id":"https:\/\/sgi-es.org\/#\/schema\/logo\/image\/"}}]}},"_links":{"self":[{"href":"https:\/\/sgi-es.org\/eu\/wp-json\/wp\/v2\/pages\/1881","targetHints":{"allow":["GET"]}}],"collection":[{"href":"https:\/\/sgi-es.org\/eu\/wp-json\/wp\/v2\/pages"}],"about":[{"href":"https:\/\/sgi-es.org\/eu\/wp-json\/wp\/v2\/types\/page"}],"author":[{"embeddable":true,"href":"https:\/\/sgi-es.org\/eu\/wp-json\/wp\/v2\/users\/7"}],"replies":[{"embeddable":true,"href":"https:\/\/sgi-es.org\/eu\/wp-json\/wp\/v2\/comments?post=1881"}],"version-history":[{"count":0,"href":"https:\/\/sgi-es.org\/eu\/wp-json\/wp\/v2\/pages\/1881\/revisions"}],"wp:attachment":[{"href":"https:\/\/sgi-es.org\/eu\/wp-json\/wp\/v2\/media?parent=1881"}],"curies":[{"name":"wp","href":"https:\/\/api.w.org\/{rel}","templated":true}]}}