{"id":2017,"date":"2021-11-04T13:24:11","date_gmt":"2021-11-04T12:24:11","guid":{"rendered":"https:\/\/sgi-es.org\/?page_id=2017"},"modified":"2025-05-07T16:12:34","modified_gmt":"2025-05-07T14:12:34","slug":"sedes-da-sges","status":"publish","type":"page","link":"https:\/\/sgi-es.org\/gl\/sedes-da-sges\/","title":{"rendered":"Sedes da SGEs"},"content":{"rendered":"\r\n<h3>Contacte por tel\u00e9fono<\/h3>\r\n<ul>\r\n<li>\r\n<p><a href=\"tel:+34518150967\">+34 518 150 967 (Coste de chamada nacional)<\/a><\/p>\r\n<\/li>\r\n<\/ul>\r\n<h3>Sedes da Soka Gakkai de Espa\u00f1a<\/h3>\r\n<h3>Madrid<\/h3>\r\n<p>Calle Severo Ochoa, 5, 28521 Rivas-Vaciamadrid, Madrid<\/p>\r\n<h3>Gran Canaria<\/h3>\r\n<p>Av. Alcalde Jos\u00e9 Ramirez Bethencourt, 10, bajo D, 35003 Las Palmas de Gran Canaria, Las Palmas<\/p>\r\n<h3>Tenerife<\/h3>\r\n<p>Calle de Enrique Wolfson, 18, bajo, 38004 Santa Cruz de Tenerife<\/p>\r\n<p><iframe loading=\"lazy\" src=\"https:\/\/www.google.com\/maps\/d\/u\/0\/embed?mid=1OZGLvAphtZhjrisOYYYzrfKPLNlH8KJx\" width=\"750\" height=\"620\"><\/iframe><\/p>\r\n","protected":false},"excerpt":{"rendered":"<p>Contacte por tel\u00e9fono +34 518 150 967 (Coste de chamada nacional) Sedes da Soka Gakkai de Espa\u00f1a Madrid Calle Severo Ochoa, 5, 28521 Rivas-Vaciamadrid, Madrid Gran Canaria Av. Alcalde Jos\u00e9 Ramirez Bethencourt, 10, bajo D, 35003 Las Palmas de Gran Canaria, Las Palmas Tenerife Calle de Enrique Wolfson, 18, bajo, 38004 Santa Cruz de Tenerife<\/p>\n","protected":false},"author":7,"featured_media":0,"parent":0,"menu_order":0,"comment_status":"closed","ping_status":"closed","template":"","meta":{"site-sidebar-layout":"no-sidebar","site-content-layout":"page-builder","ast-site-content-layout":"full-width-container","site-content-style":"unboxed","site-sidebar-style":"unboxed","ast-global-header-display":"","ast-banner-title-visibility":"","ast-main-header-display":"","ast-hfb-above-header-display":"","ast-hfb-below-header-display":"","ast-hfb-mobile-header-display":"","site-post-title":"disabled","ast-breadcrumbs-content":"","ast-featured-img":"disabled","footer-sml-layout":"","theme-transparent-header-meta":"default","adv-header-id-meta":"","stick-header-meta":"default","header-above-stick-meta":"","header-main-stick-meta":"","header-below-stick-meta":"","astra-migrate-meta-layouts":"set","ast-page-background-enabled":"default","ast-page-background-meta":{"desktop":{"background-color":"","background-image":"","background-repeat":"repeat","background-position":"center center","background-size":"auto","background-attachment":"scroll","background-type":"","background-media":"","overlay-type":"","overlay-color":"","overlay-opacity":"","overlay-gradient":""},"tablet":{"background-color":"","background-image":"","background-repeat":"repeat","background-position":"center center","background-size":"auto","background-attachment":"scroll","background-type":"","background-media":"","overlay-type":"","overlay-color":"","overlay-opacity":"","overlay-gradient":""},"mobile":{"background-color":"","background-image":"","background-repeat":"repeat","background-position":"center center","background-size":"auto","background-attachment":"scroll","background-type":"","background-media":"","overlay-type":"","overlay-color":"","overlay-opacity":"","overlay-gradient":""}},"ast-content-background-meta":{"desktop":{"background-color":"var(--ast-global-color-5)","background-image":"","background-repeat":"repeat","background-position":"center center","background-size":"auto","background-attachment":"scroll","background-type":"","background-media":"","overlay-type":"","overlay-color":"","overlay-opacity":"","overlay-gradient":""},"tablet":{"background-color":"var(--ast-global-color-5)","background-image":"","background-repeat":"repeat","background-position":"center center","background-size":"auto","background-attachment":"scroll","background-type":"","background-media":"","overlay-type":"","overlay-color":"","overlay-opacity":"","overlay-gradient":""},"mobile":{"background-color":"var(--ast-global-color-5)","background-image":"","background-repeat":"repeat","background-position":"center center","background-size":"auto","background-attachment":"scroll","background-type":"","background-media":"","overlay-type":"","overlay-color":"","overlay-opacity":"","overlay-gradient":""}},"footnotes":""},"class_list":["post-2017","page","type-page","status-publish","hentry"],"yoast_head":"<!-- This site is optimized with the Yoast SEO plugin v22.0 - https:\/\/yoast.com\/wordpress\/plugins\/seo\/ -->\n<title>Sedes da SGEs - SOKA GAKKAI DE ESPA\u00d1A<\/title>\n<meta name=\"description\" content=\"Sedes de la Soka Gakkai de Espa\u00f1a en Madrid, Barcelona, Gran Canaria y Tenerife\" \/>\n<meta name=\"robots\" content=\"index, follow, max-snippet:-1, max-image-preview:large, max-video-preview:-1\" \/>\n<link rel=\"canonical\" href=\"https:\/\/sgi-es.org\/gl\/sedes-da-sges\/\" \/>\n<meta property=\"og:locale\" content=\"gl_ES\" \/>\n<meta property=\"og:type\" content=\"article\" \/>\n<meta property=\"og:title\" content=\"Sedes da SGEs - SOKA GAKKAI DE ESPA\u00d1A\" \/>\n<meta property=\"og:description\" content=\"Sedes de la Soka Gakkai de Espa\u00f1a en Madrid, Barcelona, Gran Canaria y Tenerife\" \/>\n<meta property=\"og:url\" content=\"https:\/\/sgi-es.org\/gl\/sedes-da-sges\/\" \/>\n<meta property=\"og:site_name\" content=\"SOKA GAKKAI DE ESPA\u00d1A\" \/>\n<meta property=\"article:modified_time\" content=\"2025-05-07T14:12:34+00:00\" \/>\n<meta name=\"twitter:card\" content=\"summary_large_image\" \/>\n<meta name=\"twitter:label1\" content=\"Tempo de lectura\" \/>\n\t<meta name=\"twitter:data1\" content=\"1 minuto\" \/>\n<script type=\"application\/ld+json\" class=\"yoast-schema-graph\">{\"@context\":\"https:\/\/schema.org\",\"@graph\":[{\"@type\":\"WebPage\",\"@id\":\"https:\/\/sgi-es.org\/gl\/sedes-da-sges\/\",\"url\":\"https:\/\/sgi-es.org\/gl\/sedes-da-sges\/\",\"name\":\"Sedes da SGEs - SOKA GAKKAI DE ESPA\u00d1A\",\"isPartOf\":{\"@id\":\"https:\/\/sgi-es.org\/#website\"},\"datePublished\":\"2021-11-04T12:24:11+00:00\",\"dateModified\":\"2025-05-07T14:12:34+00:00\",\"description\":\"Sedes de la Soka Gakkai de Espa\u00f1a en Madrid, Barcelona, Gran Canaria y Tenerife\",\"breadcrumb\":{\"@id\":\"https:\/\/sgi-es.org\/gl\/sedes-da-sges\/#breadcrumb\"},\"inLanguage\":\"gl-ES\",\"potentialAction\":[{\"@type\":\"ReadAction\",\"target\":[\"https:\/\/sgi-es.org\/gl\/sedes-da-sges\/\"]}]},{\"@type\":\"BreadcrumbList\",\"@id\":\"https:\/\/sgi-es.org\/gl\/sedes-da-sges\/#breadcrumb\",\"itemListElement\":[{\"@type\":\"ListItem\",\"position\":1,\"name\":\"Portada\",\"item\":\"https:\/\/sgi-es.org\/gl\/\"},{\"@type\":\"ListItem\",\"position\":2,\"name\":\"Sedes da SGEs\"}]},{\"@type\":\"WebSite\",\"@id\":\"https:\/\/sgi-es.org\/#website\",\"url\":\"https:\/\/sgi-es.org\/\",\"name\":\"SOKA GAKKAI DE ESPA\u00d1A\",\"description\":\"\",\"publisher\":{\"@id\":\"https:\/\/sgi-es.org\/#organization\"},\"potentialAction\":[{\"@type\":\"SearchAction\",\"target\":{\"@type\":\"EntryPoint\",\"urlTemplate\":\"https:\/\/sgi-es.org\/?s={search_term_string}\"},\"query-input\":\"required name=search_term_string\"}],\"inLanguage\":\"gl-ES\"},{\"@type\":\"Organization\",\"@id\":\"https:\/\/sgi-es.org\/#organization\",\"name\":\"Soka Gakkai de Espa\u00f1a\",\"url\":\"https:\/\/sgi-es.org\/\",\"logo\":{\"@type\":\"ImageObject\",\"inLanguage\":\"gl-ES\",\"@id\":\"https:\/\/sgi-es.org\/#\/schema\/logo\/image\/\",\"url\":\"https:\/\/sgi-es.org\/wp-content\/uploads\/2021\/09\/soka-gakkai-espana-logo-6.png\",\"contentUrl\":\"https:\/\/sgi-es.org\/wp-content\/uploads\/2021\/09\/soka-gakkai-espana-logo-6.png\",\"width\":1000,\"height\":152,\"caption\":\"Soka Gakkai de Espa\u00f1a\"},\"image\":{\"@id\":\"https:\/\/sgi-es.org\/#\/schema\/logo\/image\/\"}}]}<\/script>\n<!-- \/ Yoast SEO plugin. -->","yoast_head_json":{"title":"Sedes da SGEs - SOKA GAKKAI DE ESPA\u00d1A","description":"Sedes de la Soka Gakkai de Espa\u00f1a en Madrid, Barcelona, Gran Canaria y Tenerife","robots":{"index":"index","follow":"follow","max-snippet":"max-snippet:-1","max-image-preview":"max-image-preview:large","max-video-preview":"max-video-preview:-1"},"canonical":"https:\/\/sgi-es.org\/gl\/sedes-da-sges\/","og_locale":"gl_ES","og_type":"article","og_title":"Sedes da SGEs - SOKA GAKKAI DE ESPA\u00d1A","og_description":"Sedes de la Soka Gakkai de Espa\u00f1a en Madrid, Barcelona, Gran Canaria y Tenerife","og_url":"https:\/\/sgi-es.org\/gl\/sedes-da-sges\/","og_site_name":"SOKA GAKKAI DE ESPA\u00d1A","article_modified_time":"2025-05-07T14:12:34+00:00","twitter_card":"summary_large_image","twitter_misc":{"Tempo de lectura":"1 minuto"},"schema":{"@context":"https:\/\/schema.org","@graph":[{"@type":"WebPage","@id":"https:\/\/sgi-es.org\/gl\/sedes-da-sges\/","url":"https:\/\/sgi-es.org\/gl\/sedes-da-sges\/","name":"Sedes da SGEs - SOKA GAKKAI DE ESPA\u00d1A","isPartOf":{"@id":"https:\/\/sgi-es.org\/#website"},"datePublished":"2021-11-04T12:24:11+00:00","dateModified":"2025-05-07T14:12:34+00:00","description":"Sedes de la Soka Gakkai de Espa\u00f1a en Madrid, Barcelona, Gran Canaria y Tenerife","breadcrumb":{"@id":"https:\/\/sgi-es.org\/gl\/sedes-da-sges\/#breadcrumb"},"inLanguage":"gl-ES","potentialAction":[{"@type":"ReadAction","target":["https:\/\/sgi-es.org\/gl\/sedes-da-sges\/"]}]},{"@type":"BreadcrumbList","@id":"https:\/\/sgi-es.org\/gl\/sedes-da-sges\/#breadcrumb","itemListElement":[{"@type":"ListItem","position":1,"name":"Portada","item":"https:\/\/sgi-es.org\/gl\/"},{"@type":"ListItem","position":2,"name":"Sedes da SGEs"}]},{"@type":"WebSite","@id":"https:\/\/sgi-es.org\/#website","url":"https:\/\/sgi-es.org\/","name":"SOKA GAKKAI DE ESPA\u00d1A","description":"","publisher":{"@id":"https:\/\/sgi-es.org\/#organization"},"potentialAction":[{"@type":"SearchAction","target":{"@type":"EntryPoint","urlTemplate":"https:\/\/sgi-es.org\/?s={search_term_string}"},"query-input":"required name=search_term_string"}],"inLanguage":"gl-ES"},{"@type":"Organization","@id":"https:\/\/sgi-es.org\/#organization","name":"Soka Gakkai de Espa\u00f1a","url":"https:\/\/sgi-es.org\/","logo":{"@type":"ImageObject","inLanguage":"gl-ES","@id":"https:\/\/sgi-es.org\/#\/schema\/logo\/image\/","url":"https:\/\/sgi-es.org\/wp-content\/uploads\/2021\/09\/soka-gakkai-espana-logo-6.png","contentUrl":"https:\/\/sgi-es.org\/wp-content\/uploads\/2021\/09\/soka-gakkai-espana-logo-6.png","width":1000,"height":152,"caption":"Soka Gakkai de Espa\u00f1a"},"image":{"@id":"https:\/\/sgi-es.org\/#\/schema\/logo\/image\/"}}]}},"_links":{"self":[{"href":"https:\/\/sgi-es.org\/gl\/wp-json\/wp\/v2\/pages\/2017","targetHints":{"allow":["GET"]}}],"collection":[{"href":"https:\/\/sgi-es.org\/gl\/wp-json\/wp\/v2\/pages"}],"about":[{"href":"https:\/\/sgi-es.org\/gl\/wp-json\/wp\/v2\/types\/page"}],"author":[{"embeddable":true,"href":"https:\/\/sgi-es.org\/gl\/wp-json\/wp\/v2\/users\/7"}],"replies":[{"embeddable":true,"href":"https:\/\/sgi-es.org\/gl\/wp-json\/wp\/v2\/comments?post=2017"}],"version-history":[{"count":4,"href":"https:\/\/sgi-es.org\/gl\/wp-json\/wp\/v2\/pages\/2017\/revisions"}],"predecessor-version":[{"id":3506,"href":"https:\/\/sgi-es.org\/gl\/wp-json\/wp\/v2\/pages\/2017\/revisions\/3506"}],"wp:attachment":[{"href":"https:\/\/sgi-es.org\/gl\/wp-json\/wp\/v2\/media?parent=2017"}],"curies":[{"name":"wp","href":"https:\/\/api.w.org\/{rel}","templated":true}]}}